{"id":3242,"date":"2025-12-12T13:55:58","date_gmt":"2025-12-12T10:55:58","guid":{"rendered":"https:\/\/lipsosotel.com\/staging\/?page_id=3242"},"modified":"2026-03-11T14:35:54","modified_gmt":"2026-03-11T11:35:54","slug":"konaklama","status":"publish","type":"page","link":"https:\/\/lipsosotel.com\/index.php\/konaklama\/","title":{"rendered":"Konaklama"},"content":{"rendered":"\t\t<div data-elementor-type=\"wp-page\" data-elementor-id=\"3242\" class=\"elementor elementor-3242\" data-elementor-post-type=\"page\">\n\t\t\t\t<div class=\"elementor-element elementor-element-3e488c7 e-flex e-con-boxed e-con e-parent\" data-id=\"3e488c7\" data-element_type=\"container\" data-e-type=\"container\">\n\t\t\t\t\t<div class=\"e-con-inner\">\n\t\t\t\t<div class=\"elementor-element elementor-element-03032d8 elementor-widget elementor-widget-heading\" data-id=\"03032d8\" data-element_type=\"widget\" data-e-type=\"widget\" data-widget_type=\"heading.default\">\n\t\t\t\t\t<h2 class=\"elementor-heading-title elementor-size-default\">Konaklama<\/h2>\t\t\t\t<\/div>\n\t\t\t\t<div class=\"elementor-element elementor-element-5cca33a elementor-widget elementor-widget-text-editor\" data-id=\"5cca33a\" data-element_type=\"widget\" data-e-type=\"widget\" data-widget_type=\"text-editor.default\">\n\t\t\t\t\t\t\t\t\t<p>Sessiz bir deniz k\u0131y\u0131s\u0131nda konumlanan Lipsos K\u00fc\u00e7\u00fck Otel, misafirlerine 4 mevsim konaklama ve restaurant hizmeti vermeye devam ediyor.<\/p><p>Otelimiz, birbirinden farkl\u0131 17 odas\u0131yla; 3 farkl\u0131 konaklama se\u00e7ene\u011fi sunmaktad\u0131r.<\/p>\t\t\t\t\t\t\t\t<\/div>\n\t\t\t\t<div class=\"elementor-element elementor-element-1511e73 elementor-widget elementor-widget-button\" data-id=\"1511e73\" data-element_type=\"widget\" data-e-type=\"widget\" data-widget_type=\"button.default\">\n\t\t\t\t\t\t\t\t\t\t<a class=\"elementor-button elementor-button-link elementor-size-sm\" href=\"https:\/\/lipsosotel.com\/index.php\/konaklama-3\/odada-konaklama\/\">\n\t\t\t\t\t\t<span class=\"elementor-button-content-wrapper\">\n\t\t\t\t\t\t\t\t\t<span class=\"elementor-button-text\">Odada Konaklama i\u00e7in t\u0131klay\u0131n\u0131z<\/span>\n\t\t\t\t\t<\/span>\n\t\t\t\t\t<\/a>\n\t\t\t\t\t\t\t\t<\/div>\n\t\t\t\t<div class=\"elementor-element elementor-element-56fcd4b elementor-widget elementor-widget-button\" data-id=\"56fcd4b\" data-element_type=\"widget\" data-e-type=\"widget\" data-widget_type=\"button.default\">\n\t\t\t\t\t\t\t\t\t\t<a class=\"elementor-button elementor-button-link elementor-size-sm\" href=\"https:\/\/lipsosotel.com\/index.php\/konaklama-3\/bungalovda-konaklama\/\">\n\t\t\t\t\t\t<span class=\"elementor-button-content-wrapper\">\n\t\t\t\t\t\t\t\t\t<span class=\"elementor-button-text\">Bungalovda Konaklama i\u00e7in t\u0131klay\u0131n\u0131z<\/span>\n\t\t\t\t\t<\/span>\n\t\t\t\t\t<\/a>\n\t\t\t\t\t\t\t\t<\/div>\n\t\t\t\t<div class=\"elementor-element elementor-element-f09e20f elementor-widget elementor-widget-button\" data-id=\"f09e20f\" data-element_type=\"widget\" data-e-type=\"widget\" data-widget_type=\"button.default\">\n\t\t\t\t\t\t\t\t\t\t<a class=\"elementor-button elementor-button-link elementor-size-sm\" href=\"https:\/\/lipsosotel.com\/index.php\/konaklama-3\/karavanda-konaklama\/\">\n\t\t\t\t\t\t<span class=\"elementor-button-content-wrapper\">\n\t\t\t\t\t\t\t\t\t<span class=\"elementor-button-text\">Karavanda Konaklama i\u00e7in t\u0131klay\u0131n\u0131z<\/span>\n\t\t\t\t\t<\/span>\n\t\t\t\t\t<\/a>\n\t\t\t\t\t\t\t\t<\/div>\n\t\t\t\t<div class=\"elementor-element elementor-element-0596158 elementor-widget elementor-widget-button\" data-id=\"0596158\" data-element_type=\"widget\" data-e-type=\"widget\" data-widget_type=\"button.default\">\n\t\t\t\t\t\t\t\t\t\t<a class=\"elementor-button elementor-button-link elementor-size-sm\" href=\"https:\/\/lipsosotel.com\/index.php\/konaklama-3\/konaklama-fiyatlari\/\">\n\t\t\t\t\t\t<span class=\"elementor-button-content-wrapper\">\n\t\t\t\t\t\t\t\t\t<span class=\"elementor-button-text\">Konaklama Fiyatlar\u0131 i\u00e7in t\u0131klay\u0131n\u0131z<\/span>\n\t\t\t\t\t<\/span>\n\t\t\t\t\t<\/a>\n\t\t\t\t\t\t\t\t<\/div>\n\t\t\t\t<div class=\"elementor-element elementor-element-b0c2f58 elementor-widget elementor-widget-text-editor\" data-id=\"b0c2f58\" data-element_type=\"widget\" data-e-type=\"widget\" data-widget_type=\"text-editor.default\">\n\t\t\t\t\t\t\t\t\t<p>Otelimize her ya\u015ftan \u00e7ocuk misafir kabul ediyoruz<\/p><p>Odalar\u0131n hi\u00e7birinde TV ve sabit telefon bulunmuyor.<\/p><p>T\u00fcm odalarda klima, mini buzdolab\u0131, kettle ve sa\u00e7 kurutma makinesi bulunuyor.<\/p><p>Odalar\u0131m\u0131z\u0131n hi\u00e7birinde yemek pi\u015firme alan\u0131 ve imkan\u0131 mevcut de\u011fil.<\/p><p>TES\u0130S\u0130M\u0130Z\u0130N H\u0130\u00c7B\u0130R ALANINA (plaj, oda, restoran, bah\u00e7e)<strong>\u00a0DI\u015eARIDAN Y\u0130YECEK VE \u0130\u00c7ECEK<\/strong> (alkoll\u00fc-alkols\u00fcz) KABUL EDEM\u0130YORUZ.<\/p><p>Anlay\u0131\u015f\u0131n\u0131z i\u00e7in te\u015fekk\u00fcr ederiz<\/p><p>\u0130\u015fletmemiz deniz k\u0131y\u0131s\u0131 \u00e7ak\u0131l alanda konumland\u0131\u011f\u0131ndan \u00f6t\u00fcr\u00fc engelli misafirlerimize hizmet veremedi\u011fimiz i\u00e7in \u00f6z\u00fcr diliyoruz.<\/p><p>Sa\u011fl\u0131cakla\u2026<\/p>\t\t\t\t\t\t\t\t<\/div>\n\t\t\t\t<div class=\"elementor-element elementor-element-95bd4f4 elementor-arrows-position-inside elementor-pagination-position-outside elementor-widget elementor-widget-image-carousel\" data-id=\"95bd4f4\" data-element_type=\"widget\" data-e-type=\"widget\" data-settings=\"{&quot;slides_to_show&quot;:&quot;1&quot;,&quot;navigation&quot;:&quot;both&quot;,&quot;autoplay&quot;:&quot;yes&quot;,&quot;pause_on_hover&quot;:&quot;yes&quot;,&quot;pause_on_interaction&quot;:&quot;yes&quot;,&quot;autoplay_speed&quot;:5000,&quot;infinite&quot;:&quot;yes&quot;,&quot;effect&quot;:&quot;slide&quot;,&quot;speed&quot;:500}\" data-widget_type=\"image-carousel.default\">\n\t\t\t\t\t\t\t<div class=\"elementor-image-carousel-wrapper swiper\" role=\"region\" aria-roledescription=\"carousel\" aria-label=\"Resim D\u00f6ng\u00fcs\u00fc\" dir=\"ltr\">\n\t\t\t<div class=\"elementor-image-carousel swiper-wrapper\" aria-live=\"off\">\n\t\t\t\t\t\t\t\t<div class=\"swiper-slide\" role=\"group\" aria-roledescription=\"slide\" aria-label=\"1 \/ 3\"><figure class=\"swiper-slide-inner\"><img decoding=\"async\" class=\"swiper-slide-image\" src=\"https:\/\/lipsosotel.com\/wp-content\/uploads\/2026\/01\/IMG-20250601-WA0019.jpg\" alt=\"IMG-20250601-WA0019\" \/><\/figure><\/div><div class=\"swiper-slide\" role=\"group\" aria-roledescription=\"slide\" aria-label=\"2 \/ 3\"><figure class=\"swiper-slide-inner\"><img decoding=\"async\" class=\"swiper-slide-image\" src=\"https:\/\/lipsosotel.com\/wp-content\/uploads\/2026\/01\/IMG-20250601-WA0008-e1773228907332.jpg\" alt=\"IMG-20250601-WA0008\" \/><\/figure><\/div><div class=\"swiper-slide\" role=\"group\" aria-roledescription=\"slide\" aria-label=\"3 \/ 3\"><figure class=\"swiper-slide-inner\"><img decoding=\"async\" class=\"swiper-slide-image\" src=\"https:\/\/lipsosotel.com\/wp-content\/uploads\/2026\/01\/otel-14-2048x1536.jpg\" alt=\"otel (14)\" \/><\/figure><\/div>\t\t\t<\/div>\n\t\t\t\t\t\t\t\t\t\t\t\t<div class=\"elementor-swiper-button elementor-swiper-button-prev\" role=\"button\" tabindex=\"0\">\n\t\t\t\t\t\t<svg aria-hidden=\"true\" class=\"e-font-icon-svg e-eicon-chevron-left\" viewBox=\"0 0 1000 1000\" xmlns=\"http:\/\/www.w3.org\/2000\/svg\"><path d=\"M646 125C629 125 613 133 604 142L308 442C296 454 292 471 292 487 292 504 296 521 308 533L604 854C617 867 629 875 646 875 663 875 679 871 692 858 704 846 713 829 713 812 713 796 708 779 692 767L438 487 692 225C700 217 708 204 708 187 708 171 704 154 692 142 675 129 663 125 646 125Z\"><\/path><\/svg>\t\t\t\t\t<\/div>\n\t\t\t\t\t<div class=\"elementor-swiper-button elementor-swiper-button-next\" role=\"button\" tabindex=\"0\">\n\t\t\t\t\t\t<svg aria-hidden=\"true\" class=\"e-font-icon-svg e-eicon-chevron-right\" viewBox=\"0 0 1000 1000\" xmlns=\"http:\/\/www.w3.org\/2000\/svg\"><path d=\"M696 533C708 521 713 504 713 487 713 471 708 454 696 446L400 146C388 133 375 125 354 125 338 125 325 129 313 142 300 154 292 171 292 187 292 204 296 221 308 233L563 492 304 771C292 783 288 800 288 817 288 833 296 850 308 863 321 871 338 875 354 875 371 875 388 867 400 854L696 533Z\"><\/path><\/svg>\t\t\t\t\t<\/div>\n\t\t\t\t\n\t\t\t\t\t\t\t\t\t<div class=\"swiper-pagination\"><\/div>\n\t\t\t\t\t\t\t\t\t<\/div>\n\t\t\t\t\t\t<\/div>\n\t\t\t\t\t<\/div>\n\t\t\t\t<\/div>\n\t\t\t\t<\/div>\n\t\t","protected":false},"excerpt":{"rendered":"<p>Konaklama Sessiz bir deniz k\u0131y\u0131s\u0131nda konumlanan Lipsos K\u00fc\u00e7\u00fck Otel, misafirlerine 4 mevsim konaklama ve restaurant hizmeti vermeye devam ediyor. Otelimiz, [&hellip;]<\/p>\n","protected":false},"author":1,"featured_media":0,"parent":0,"menu_order":0,"comment_status":"closed","ping_status":"closed","template":"","meta":{"_acf_changed":false,"site-sidebar-layout":"no-sidebar","site-content-layout":"","ast-site-content-layout":"full-width-container","site-content-style":"default","site-sidebar-style":"default","ast-global-header-display":"","ast-banner-title-visibility":"","ast-main-header-display":"","ast-hfb-above-header-display":"","ast-hfb-below-header-display":"","ast-hfb-mobile-header-display":"","site-post-title":"","ast-breadcrumbs-content":"","ast-featured-img":"disabled","footer-sml-layout":"","theme-transparent-header-meta":"default","adv-header-id-meta":"","stick-header-meta":"","header-above-stick-meta":"","header-main-stick-meta":"","header-below-stick-meta":"","astra-migrate-meta-layouts":"set","ast-page-background-enabled":"default","ast-page-background-meta":{"desktop":{"background-color":"var(--ast-global-color-5)","background-image":"","background-repeat":"repeat","background-position":"center center","background-size":"auto","background-attachment":"scroll","background-type":"","background-media":"","overlay-type":"","overlay-color":"","overlay-opacity":"","overlay-gradient":""},"tablet":{"background-color":"","background-image":"","background-repeat":"repeat","background-position":"center center","background-size":"auto","background-attachment":"scroll","background-type":"","background-media":"","overlay-type":"","overlay-color":"","overlay-opacity":"","overlay-gradient":""},"mobile":{"background-color":"","background-image":"","background-repeat":"repeat","background-position":"center center","background-size":"auto","background-attachment":"scroll","background-type":"","background-media":"","overlay-type":"","overlay-color":"","overlay-opacity":"","overlay-gradient":""}},"ast-content-background-meta":{"desktop":{"background-color":"var(--ast-global-color-4)","background-image":"","background-repeat":"repeat","background-position":"center center","background-size":"auto","background-attachment":"scroll","background-type":"","background-media":"","overlay-type":"","overlay-color":"","overlay-opacity":"","overlay-gradient":""},"tablet":{"background-color":"var(--ast-global-color-4)","background-image":"","background-repeat":"repeat","background-position":"center center","background-size":"auto","background-attachment":"scroll","background-type":"","background-media":"","overlay-type":"","overlay-color":"","overlay-opacity":"","overlay-gradient":""},"mobile":{"background-color":"var(--ast-global-color-4)","background-image":"","background-repeat":"repeat","background-position":"center center","background-size":"auto","background-attachment":"scroll","background-type":"","background-media":"","overlay-type":"","overlay-color":"","overlay-opacity":"","overlay-gradient":""}},"footnotes":""},"class_list":["post-3242","page","type-page","status-publish","hentry"],"acf":[],"yoast_head":"<!-- This site is optimized with the Yoast SEO plugin v26.0 - https:\/\/yoast.com\/wordpress\/plugins\/seo\/ -->\n<title>Konaklama - Lipsos Otel&#039;de Deniz Manzaral\u0131 Konaklama<\/title>\n<meta name=\"description\" content=\"Karaburun&#039;da deniz manzaral\u0131 huzurlu bir konaklama deneyimi. Lipsos Otel&#039;de do\u011fa, sakinlik ve Ege mutfa\u011f\u0131&#039;n\u0131n lezzetleri bir arada.\" \/>\n<meta name=\"robots\" content=\"index, follow, max-snippet:-1, max-image-preview:large, max-video-preview:-1\" \/>\n<link rel=\"canonical\" href=\"https:\/\/lipsosotel.com\/index.php\/konaklama\/\" \/>\n<meta property=\"og:locale\" content=\"tr_TR\" \/>\n<meta property=\"og:type\" content=\"article\" \/>\n<meta property=\"og:title\" content=\"Konaklama - Lipsos Otel&#039;de Deniz Manzaral\u0131 Konaklama\" \/>\n<meta property=\"og:description\" content=\"Karaburun&#039;da deniz manzaral\u0131 huzurlu bir konaklama deneyimi. Lipsos Otel&#039;de do\u011fa, sakinlik ve Ege mutfa\u011f\u0131&#039;n\u0131n lezzetleri bir arada.\" \/>\n<meta property=\"og:url\" content=\"https:\/\/lipsosotel.com\/index.php\/konaklama\/\" \/>\n<meta property=\"article:modified_time\" content=\"2026-03-11T11:35:54+00:00\" \/>\n<meta property=\"og:image\" content=\"https:\/\/lipsosotel.com\/wp-content\/uploads\/2026\/01\/IMG-20250601-WA0019.jpg\" \/>\n<meta name=\"twitter:card\" content=\"summary_large_image\" \/>\n<meta name=\"twitter:label1\" content=\"Tahmini okuma s\u00fcresi\" \/>\n\t<meta name=\"twitter:data1\" content=\"2 dakika\" \/>\n<script type=\"application\/ld+json\" class=\"yoast-schema-graph\">{\"@context\":\"https:\/\/schema.org\",\"@graph\":[{\"@type\":\"WebPage\",\"@id\":\"https:\/\/lipsosotel.com\/index.php\/konaklama\/\",\"url\":\"https:\/\/lipsosotel.com\/index.php\/konaklama\/\",\"name\":\"Konaklama - Lipsos Otel'de Deniz Manzaral\u0131 Konaklama\",\"isPartOf\":{\"@id\":\"https:\/\/lipsosotel.com\/#website\"},\"primaryImageOfPage\":{\"@id\":\"https:\/\/lipsosotel.com\/index.php\/konaklama\/#primaryimage\"},\"image\":{\"@id\":\"https:\/\/lipsosotel.com\/index.php\/konaklama\/#primaryimage\"},\"thumbnailUrl\":\"https:\/\/lipsosotel.com\/wp-content\/uploads\/2026\/01\/IMG-20250601-WA0019.jpg\",\"datePublished\":\"2025-12-12T10:55:58+00:00\",\"dateModified\":\"2026-03-11T11:35:54+00:00\",\"description\":\"Karaburun'da deniz manzaral\u0131 huzurlu bir konaklama deneyimi. Lipsos Otel'de do\u011fa, sakinlik ve Ege mutfa\u011f\u0131'n\u0131n lezzetleri bir arada.\",\"breadcrumb\":{\"@id\":\"https:\/\/lipsosotel.com\/index.php\/konaklama\/#breadcrumb\"},\"inLanguage\":\"tr\",\"potentialAction\":[{\"@type\":\"ReadAction\",\"target\":[\"https:\/\/lipsosotel.com\/index.php\/konaklama\/\"]}]},{\"@type\":\"ImageObject\",\"inLanguage\":\"tr\",\"@id\":\"https:\/\/lipsosotel.com\/index.php\/konaklama\/#primaryimage\",\"url\":\"https:\/\/lipsosotel.com\/wp-content\/uploads\/2026\/01\/IMG-20250601-WA0019.jpg\",\"contentUrl\":\"https:\/\/lipsosotel.com\/wp-content\/uploads\/2026\/01\/IMG-20250601-WA0019.jpg\",\"width\":2048,\"height\":1536},{\"@type\":\"BreadcrumbList\",\"@id\":\"https:\/\/lipsosotel.com\/index.php\/konaklama\/#breadcrumb\",\"itemListElement\":[{\"@type\":\"ListItem\",\"position\":1,\"name\":\"Anasayfa\",\"item\":\"https:\/\/lipsosotel.com\/\"},{\"@type\":\"ListItem\",\"position\":2,\"name\":\"Konaklama\"}]},{\"@type\":\"WebSite\",\"@id\":\"https:\/\/lipsosotel.com\/#website\",\"url\":\"https:\/\/lipsosotel.com\/\",\"name\":\"\",\"description\":\"Deniz k\u0131y\u0131s\u0131nda konaklama, Ege mutfa\u011f\u0131 &amp; Deniz \u00fcr\u00fcnleri restoran\u0131\",\"potentialAction\":[{\"@type\":\"SearchAction\",\"target\":{\"@type\":\"EntryPoint\",\"urlTemplate\":\"https:\/\/lipsosotel.com\/?s={search_term_string}\"},\"query-input\":{\"@type\":\"PropertyValueSpecification\",\"valueRequired\":true,\"valueName\":\"search_term_string\"}}],\"inLanguage\":\"tr\"}]}<\/script>\n<!-- \/ Yoast SEO plugin. -->","yoast_head_json":{"title":"Konaklama - Lipsos Otel'de Deniz Manzaral\u0131 Konaklama","description":"Karaburun'da deniz manzaral\u0131 huzurlu bir konaklama deneyimi. Lipsos Otel'de do\u011fa, sakinlik ve Ege mutfa\u011f\u0131'n\u0131n lezzetleri bir arada.","robots":{"index":"index","follow":"follow","max-snippet":"max-snippet:-1","max-image-preview":"max-image-preview:large","max-video-preview":"max-video-preview:-1"},"canonical":"https:\/\/lipsosotel.com\/index.php\/konaklama\/","og_locale":"tr_TR","og_type":"article","og_title":"Konaklama - Lipsos Otel'de Deniz Manzaral\u0131 Konaklama","og_description":"Karaburun'da deniz manzaral\u0131 huzurlu bir konaklama deneyimi. Lipsos Otel'de do\u011fa, sakinlik ve Ege mutfa\u011f\u0131'n\u0131n lezzetleri bir arada.","og_url":"https:\/\/lipsosotel.com\/index.php\/konaklama\/","article_modified_time":"2026-03-11T11:35:54+00:00","og_image":[{"url":"https:\/\/lipsosotel.com\/wp-content\/uploads\/2026\/01\/IMG-20250601-WA0019.jpg","type":"","width":"","height":""}],"twitter_card":"summary_large_image","twitter_misc":{"Tahmini okuma s\u00fcresi":"2 dakika"},"schema":{"@context":"https:\/\/schema.org","@graph":[{"@type":"WebPage","@id":"https:\/\/lipsosotel.com\/index.php\/konaklama\/","url":"https:\/\/lipsosotel.com\/index.php\/konaklama\/","name":"Konaklama - Lipsos Otel'de Deniz Manzaral\u0131 Konaklama","isPartOf":{"@id":"https:\/\/lipsosotel.com\/#website"},"primaryImageOfPage":{"@id":"https:\/\/lipsosotel.com\/index.php\/konaklama\/#primaryimage"},"image":{"@id":"https:\/\/lipsosotel.com\/index.php\/konaklama\/#primaryimage"},"thumbnailUrl":"https:\/\/lipsosotel.com\/wp-content\/uploads\/2026\/01\/IMG-20250601-WA0019.jpg","datePublished":"2025-12-12T10:55:58+00:00","dateModified":"2026-03-11T11:35:54+00:00","description":"Karaburun'da deniz manzaral\u0131 huzurlu bir konaklama deneyimi. Lipsos Otel'de do\u011fa, sakinlik ve Ege mutfa\u011f\u0131'n\u0131n lezzetleri bir arada.","breadcrumb":{"@id":"https:\/\/lipsosotel.com\/index.php\/konaklama\/#breadcrumb"},"inLanguage":"tr","potentialAction":[{"@type":"ReadAction","target":["https:\/\/lipsosotel.com\/index.php\/konaklama\/"]}]},{"@type":"ImageObject","inLanguage":"tr","@id":"https:\/\/lipsosotel.com\/index.php\/konaklama\/#primaryimage","url":"https:\/\/lipsosotel.com\/wp-content\/uploads\/2026\/01\/IMG-20250601-WA0019.jpg","contentUrl":"https:\/\/lipsosotel.com\/wp-content\/uploads\/2026\/01\/IMG-20250601-WA0019.jpg","width":2048,"height":1536},{"@type":"BreadcrumbList","@id":"https:\/\/lipsosotel.com\/index.php\/konaklama\/#breadcrumb","itemListElement":[{"@type":"ListItem","position":1,"name":"Anasayfa","item":"https:\/\/lipsosotel.com\/"},{"@type":"ListItem","position":2,"name":"Konaklama"}]},{"@type":"WebSite","@id":"https:\/\/lipsosotel.com\/#website","url":"https:\/\/lipsosotel.com\/","name":"","description":"Deniz k\u0131y\u0131s\u0131nda konaklama, Ege mutfa\u011f\u0131 &amp; Deniz \u00fcr\u00fcnleri restoran\u0131","potentialAction":[{"@type":"SearchAction","target":{"@type":"EntryPoint","urlTemplate":"https:\/\/lipsosotel.com\/?s={search_term_string}"},"query-input":{"@type":"PropertyValueSpecification","valueRequired":true,"valueName":"search_term_string"}}],"inLanguage":"tr"}]}},"_links":{"self":[{"href":"https:\/\/lipsosotel.com\/index.php\/wp-json\/wp\/v2\/pages\/3242","targetHints":{"allow":["GET"]}}],"collection":[{"href":"https:\/\/lipsosotel.com\/index.php\/wp-json\/wp\/v2\/pages"}],"about":[{"href":"https:\/\/lipsosotel.com\/index.php\/wp-json\/wp\/v2\/types\/page"}],"author":[{"embeddable":true,"href":"https:\/\/lipsosotel.com\/index.php\/wp-json\/wp\/v2\/users\/1"}],"replies":[{"embeddable":true,"href":"https:\/\/lipsosotel.com\/index.php\/wp-json\/wp\/v2\/comments?post=3242"}],"version-history":[{"count":23,"href":"https:\/\/lipsosotel.com\/index.php\/wp-json\/wp\/v2\/pages\/3242\/revisions"}],"predecessor-version":[{"id":4329,"href":"https:\/\/lipsosotel.com\/index.php\/wp-json\/wp\/v2\/pages\/3242\/revisions\/4329"}],"wp:attachment":[{"href":"https:\/\/lipsosotel.com\/index.php\/wp-json\/wp\/v2\/media?parent=3242"}],"curies":[{"name":"wp","href":"https:\/\/api.w.org\/{rel}","templated":true}]}}