{"id":3246,"date":"2025-12-12T13:56:35","date_gmt":"2025-12-12T10:56:35","guid":{"rendered":"https:\/\/lipsosotel.com\/staging\/?page_id=3246"},"modified":"2026-03-11T14:43:17","modified_gmt":"2026-03-11T11:43:17","slug":"restaurant","status":"publish","type":"page","link":"https:\/\/lipsosotel.com\/index.php\/restaurant\/","title":{"rendered":"Restaurant"},"content":{"rendered":"\t\t<div data-elementor-type=\"wp-page\" data-elementor-id=\"3246\" class=\"elementor elementor-3246\" data-elementor-post-type=\"page\">\n\t\t\t\t<div class=\"elementor-element elementor-element-9cc1115 e-flex e-con-boxed e-con e-parent\" data-id=\"9cc1115\" data-element_type=\"container\" data-e-type=\"container\">\n\t\t\t\t\t<div class=\"e-con-inner\">\n\t\t\t\t<div class=\"elementor-element elementor-element-01e2998 elementor-widget elementor-widget-heading\" data-id=\"01e2998\" data-element_type=\"widget\" data-e-type=\"widget\" data-widget_type=\"heading.default\">\n\t\t\t\t\t<h2 class=\"elementor-heading-title elementor-size-default\">Restaurant<\/h2>\t\t\t\t<\/div>\n\t\t\t\t\t<\/div>\n\t\t\t\t<\/div>\n\t\t<div class=\"elementor-element elementor-element-95b1ae4 e-flex e-con-boxed e-con e-parent\" data-id=\"95b1ae4\" data-element_type=\"container\" data-e-type=\"container\">\n\t\t\t\t\t<div class=\"e-con-inner\">\n\t\t\t\t<div class=\"elementor-element elementor-element-4d43323 elementor-widget elementor-widget-image\" data-id=\"4d43323\" data-element_type=\"widget\" data-e-type=\"widget\" data-widget_type=\"image.default\">\n\t\t\t\t\t\t\t\t\t\t\t\t\t\t\t<img fetchpriority=\"high\" decoding=\"async\" width=\"1024\" height=\"768\" src=\"https:\/\/lipsosotel.com\/wp-content\/uploads\/2026\/01\/IMG_5620-1024x768.jpg\" class=\"attachment-large size-large wp-image-3550\" alt=\"\" srcset=\"https:\/\/lipsosotel.com\/wp-content\/uploads\/2026\/01\/IMG_5620-1024x768.jpg 1024w, https:\/\/lipsosotel.com\/wp-content\/uploads\/2026\/01\/IMG_5620-300x225.jpg 300w, https:\/\/lipsosotel.com\/wp-content\/uploads\/2026\/01\/IMG_5620-150x113.jpg 150w, https:\/\/lipsosotel.com\/wp-content\/uploads\/2026\/01\/IMG_5620-768x576.jpg 768w, https:\/\/lipsosotel.com\/wp-content\/uploads\/2026\/01\/IMG_5620-1536x1152.jpg 1536w, https:\/\/lipsosotel.com\/wp-content\/uploads\/2026\/01\/IMG_5620-2048x1536.jpg 2048w\" sizes=\"(max-width: 1024px) 100vw, 1024px\" \/>\t\t\t\t\t\t\t\t\t\t\t\t\t\t\t<\/div>\n\t\t\t\t\t<\/div>\n\t\t\t\t<\/div>\n\t\t<div class=\"elementor-element elementor-element-c864769 e-flex e-con-boxed e-con e-parent\" data-id=\"c864769\" data-element_type=\"container\" data-e-type=\"container\">\n\t\t\t\t\t<div class=\"e-con-inner\">\n\t\t\t\t<div class=\"elementor-element elementor-element-2207807 elementor-widget elementor-widget-text-editor\" data-id=\"2207807\" data-element_type=\"widget\" data-e-type=\"widget\" data-widget_type=\"text-editor.default\">\n\t\t\t\t\t\t\t\t\t<p><span style=\"font-size: 16px;\">Evren &amp; Ata \u00e7ifti, 20 y\u0131la yay\u0131lan mutfak tecr\u00fcbelerini do\u011fal malzemelerle birle\u015ftirerek, yerel Ege mutfa\u011f\u0131na katk\u0131da bulunmay\u0131 hedefliyor. Y\u0131llar i\u00e7inde geli\u015fen ve b\u00fcy\u00fcyen Lipsos ekibiyle, Karaburun ruhunu kendilerine has lezzetlerle sizlere sunuyor.<\/span><\/p><div>4 mevsim boyunca hizmet veren Lipsos Restaurant, \u201csadece denizden \u00e7\u0131kan\u201d deniz \u00fcr\u00fcnlerini, iyi malzeme ile haz\u0131rlanm\u0131\u015f geleneksel ve yarat\u0131c\u0131 T\u00fcrkiye mezelerini, dikkatle tedarik edilen etle yap\u0131lm\u0131\u015f yemeklerini tadabilece\u011finiz bir \u015fef restaurant\u0131.<\/div><div>\u00a0<\/div><div>Restaurant\u0131m\u0131z hem otel misafirlerimize, hem de ala carte olarak hizmet vermektedir. <a href=\"https:\/\/lipsosotel.com\/index.php\/rezervasyon-2\/restaurant\/\">Rezervasyon<\/a> yapt\u0131rman\u0131z\u0131 rica ederiz.<\/div>\t\t\t\t\t\t\t\t<\/div>\n\t\t\t\t\t<\/div>\n\t\t\t\t<\/div>\n\t\t<div class=\"elementor-element elementor-element-97ff9a9 elementor-hidden-desktop elementor-hidden-tablet elementor-hidden-mobile e-flex e-con-boxed e-con e-parent\" data-id=\"97ff9a9\" data-element_type=\"container\" data-e-type=\"container\">\n\t\t\t\t\t<div class=\"e-con-inner\">\n\t\t\t\t<div class=\"elementor-element elementor-element-0d4368a elementor-widget elementor-widget-image\" data-id=\"0d4368a\" data-element_type=\"widget\" data-e-type=\"widget\" data-widget_type=\"image.default\">\n\t\t\t\t\t\t\t\t\t\t\t\t<figure class=\"wp-caption\">\n\t\t\t\t\t\t\t\t\t\t<img decoding=\"async\" src=\"https:\/\/lipsosotel.com\/wp-content\/plugins\/elementor\/assets\/images\/placeholder.png\" title=\"\" alt=\"\" loading=\"lazy\" \/>\t\t\t\t\t\t\t\t\t\t\t<figcaption class=\"widget-image-caption wp-caption-text\">Lipsos Ekibi<\/figcaption>\n\t\t\t\t\t\t\t\t\t\t<\/figure>\n\t\t\t\t\t\t\t\t\t<\/div>\n\t\t\t\t\t<\/div>\n\t\t\t\t<\/div>\n\t\t<div class=\"elementor-element elementor-element-136f979 e-flex e-con-boxed e-con e-parent\" data-id=\"136f979\" data-element_type=\"container\" data-e-type=\"container\">\n\t\t\t\t\t<div class=\"e-con-inner\">\n\t\t\t\t<div class=\"elementor-element elementor-element-ba15de6 elementor-widget elementor-widget-text-editor\" data-id=\"ba15de6\" data-element_type=\"widget\" data-e-type=\"widget\" data-widget_type=\"text-editor.default\">\n\t\t\t\t\t\t\t\t\t<p><span style=\"font-size: 16px;\">Lipsos kahvalt\u0131s\u0131 ise kendi zeytini ve zeytinta\u011f\u0131, bah\u00e7edeki tavuklar\u0131n yumurtalar\u0131; hepsi kendi mutfa\u011f\u0131ndan \u00e7\u0131kan re\u00e7elleri, ekmekleri ve hamur i\u015fleriyle \u00e7e\u015fitleniyor.<\/span><\/p>\t\t\t\t\t\t\t\t<\/div>\n\t\t\t\t\t<\/div>\n\t\t\t\t<\/div>\n\t\t<div class=\"elementor-element elementor-element-0ba875b e-flex e-con-boxed e-con e-parent\" data-id=\"0ba875b\" data-element_type=\"container\" data-e-type=\"container\">\n\t\t\t\t\t<div class=\"e-con-inner\">\n\t\t\t\t<div class=\"elementor-element elementor-element-0d72e32 elementor-widget elementor-widget-image\" data-id=\"0d72e32\" data-element_type=\"widget\" data-e-type=\"widget\" data-widget_type=\"image.default\">\n\t\t\t\t\t\t\t\t\t\t\t\t\t\t\t<img decoding=\"async\" width=\"944\" height=\"1024\" src=\"https:\/\/lipsosotel.com\/wp-content\/uploads\/2026\/01\/restoran-63-scaled-e1769677691664-944x1024.jpg\" class=\"attachment-large size-large wp-image-3729\" alt=\"\" srcset=\"https:\/\/lipsosotel.com\/wp-content\/uploads\/2026\/01\/restoran-63-scaled-e1769677691664-944x1024.jpg 944w, https:\/\/lipsosotel.com\/wp-content\/uploads\/2026\/01\/restoran-63-scaled-e1769677691664-277x300.jpg 277w, https:\/\/lipsosotel.com\/wp-content\/uploads\/2026\/01\/restoran-63-scaled-e1769677691664-138x150.jpg 138w, https:\/\/lipsosotel.com\/wp-content\/uploads\/2026\/01\/restoran-63-scaled-e1769677691664-768x833.jpg 768w, https:\/\/lipsosotel.com\/wp-content\/uploads\/2026\/01\/restoran-63-scaled-e1769677691664-1416x1536.jpg 1416w, https:\/\/lipsosotel.com\/wp-content\/uploads\/2026\/01\/restoran-63-scaled-e1769677691664.jpg 1707w\" sizes=\"(max-width: 944px) 100vw, 944px\" \/>\t\t\t\t\t\t\t\t\t\t\t\t\t\t\t<\/div>\n\t\t\t\t\t<\/div>\n\t\t\t\t<\/div>\n\t\t\t\t<\/div>\n\t\t","protected":false},"excerpt":{"rendered":"<p>Restaurant Evren &amp; Ata \u00e7ifti, 20 y\u0131la yay\u0131lan mutfak tecr\u00fcbelerini do\u011fal malzemelerle birle\u015ftirerek, yerel Ege mutfa\u011f\u0131na katk\u0131da bulunmay\u0131 hedefliyor. Y\u0131llar [&hellip;]<\/p>\n","protected":false},"author":1,"featured_media":0,"parent":0,"menu_order":0,"comment_status":"closed","ping_status":"closed","template":"","meta":{"_acf_changed":false,"site-sidebar-layout":"no-sidebar","site-content-layout":"","ast-site-content-layout":"full-width-container","site-content-style":"default","site-sidebar-style":"default","ast-global-header-display":"","ast-banner-title-visibility":"","ast-main-header-display":"","ast-hfb-above-header-display":"","ast-hfb-below-header-display":"","ast-hfb-mobile-header-display":"","site-post-title":"","ast-breadcrumbs-content":"","ast-featured-img":"disabled","footer-sml-layout":"","theme-transparent-header-meta":"default","adv-header-id-meta":"","stick-header-meta":"","header-above-stick-meta":"","header-main-stick-meta":"","header-below-stick-meta":"","astra-migrate-meta-layouts":"set","ast-page-background-enabled":"default","ast-page-background-meta":{"desktop":{"background-color":"var(--ast-global-color-5)","background-image":"","background-repeat":"repeat","background-position":"center center","background-size":"auto","background-attachment":"scroll","background-type":"","background-media":"","overlay-type":"","overlay-color":"","overlay-opacity":"","overlay-gradient":""},"tablet":{"background-color":"","background-image":"","background-repeat":"repeat","background-position":"center center","background-size":"auto","background-attachment":"scroll","background-type":"","background-media":"","overlay-type":"","overlay-color":"","overlay-opacity":"","overlay-gradient":""},"mobile":{"background-color":"","background-image":"","background-repeat":"repeat","background-position":"center center","background-size":"auto","background-attachment":"scroll","background-type":"","background-media":"","overlay-type":"","overlay-color":"","overlay-opacity":"","overlay-gradient":""}},"ast-content-background-meta":{"desktop":{"background-color":"var(--ast-global-color-4)","background-image":"","background-repeat":"repeat","background-position":"center center","background-size":"auto","background-attachment":"scroll","background-type":"","background-media":"","overlay-type":"","overlay-color":"","overlay-opacity":"","overlay-gradient":""},"tablet":{"background-color":"var(--ast-global-color-4)","background-image":"","background-repeat":"repeat","background-position":"center center","background-size":"auto","background-attachment":"scroll","background-type":"","background-media":"","overlay-type":"","overlay-color":"","overlay-opacity":"","overlay-gradient":""},"mobile":{"background-color":"var(--ast-global-color-4)","background-image":"","background-repeat":"repeat","background-position":"center center","background-size":"auto","background-attachment":"scroll","background-type":"","background-media":"","overlay-type":"","overlay-color":"","overlay-opacity":"","overlay-gradient":""}},"footnotes":""},"class_list":["post-3246","page","type-page","status-publish","hentry"],"acf":[],"yoast_head":"<!-- This site is optimized with the Yoast SEO plugin v26.0 - https:\/\/yoast.com\/wordpress\/plugins\/seo\/ -->\n<title>Restaurant - Lipsos Otel&#039;de Denize S\u0131f\u0131r Restaurant<\/title>\n<meta name=\"description\" content=\"Karaburun&#039;da denize s\u0131f\u0131r Restaurant&#039;ta unutulmaz bir lezzet deneyimi. Taze, g\u00fcvenilir ve lezzetli Ege Mutfa\u011f\u0131 yemekleri.\" \/>\n<meta name=\"robots\" content=\"index, follow, max-snippet:-1, max-image-preview:large, max-video-preview:-1\" \/>\n<link rel=\"canonical\" href=\"https:\/\/lipsosotel.com\/index.php\/restaurant\/\" \/>\n<meta property=\"og:locale\" content=\"tr_TR\" \/>\n<meta property=\"og:type\" content=\"article\" \/>\n<meta property=\"og:title\" content=\"Restaurant - Lipsos Otel&#039;de Denize S\u0131f\u0131r Restaurant\" \/>\n<meta property=\"og:description\" content=\"Karaburun&#039;da denize s\u0131f\u0131r Restaurant&#039;ta unutulmaz bir lezzet deneyimi. Taze, g\u00fcvenilir ve lezzetli Ege Mutfa\u011f\u0131 yemekleri.\" \/>\n<meta property=\"og:url\" content=\"https:\/\/lipsosotel.com\/index.php\/restaurant\/\" \/>\n<meta property=\"article:modified_time\" content=\"2026-03-11T11:43:17+00:00\" \/>\n<meta property=\"og:image\" content=\"https:\/\/lipsosotel.com\/wp-content\/uploads\/2026\/01\/IMG_5620-scaled.jpg\" \/>\n\t<meta property=\"og:image:width\" content=\"2560\" \/>\n\t<meta property=\"og:image:height\" content=\"1920\" \/>\n\t<meta property=\"og:image:type\" content=\"image\/jpeg\" \/>\n<meta name=\"twitter:card\" content=\"summary_large_image\" \/>\n<meta name=\"twitter:label1\" content=\"Tahmini okuma s\u00fcresi\" \/>\n\t<meta name=\"twitter:data1\" content=\"1 dakika\" \/>\n<script type=\"application\/ld+json\" class=\"yoast-schema-graph\">{\"@context\":\"https:\/\/schema.org\",\"@graph\":[{\"@type\":\"WebPage\",\"@id\":\"https:\/\/lipsosotel.com\/index.php\/restaurant\/\",\"url\":\"https:\/\/lipsosotel.com\/index.php\/restaurant\/\",\"name\":\"Restaurant - Lipsos Otel'de Denize S\u0131f\u0131r Restaurant\",\"isPartOf\":{\"@id\":\"https:\/\/lipsosotel.com\/#website\"},\"primaryImageOfPage\":{\"@id\":\"https:\/\/lipsosotel.com\/index.php\/restaurant\/#primaryimage\"},\"image\":{\"@id\":\"https:\/\/lipsosotel.com\/index.php\/restaurant\/#primaryimage\"},\"thumbnailUrl\":\"https:\/\/lipsosotel.com\/wp-content\/uploads\/2026\/01\/IMG_5620-1024x768.jpg\",\"datePublished\":\"2025-12-12T10:56:35+00:00\",\"dateModified\":\"2026-03-11T11:43:17+00:00\",\"description\":\"Karaburun'da denize s\u0131f\u0131r Restaurant'ta unutulmaz bir lezzet deneyimi. Taze, g\u00fcvenilir ve lezzetli Ege Mutfa\u011f\u0131 yemekleri.\",\"breadcrumb\":{\"@id\":\"https:\/\/lipsosotel.com\/index.php\/restaurant\/#breadcrumb\"},\"inLanguage\":\"tr\",\"potentialAction\":[{\"@type\":\"ReadAction\",\"target\":[\"https:\/\/lipsosotel.com\/index.php\/restaurant\/\"]}]},{\"@type\":\"ImageObject\",\"inLanguage\":\"tr\",\"@id\":\"https:\/\/lipsosotel.com\/index.php\/restaurant\/#primaryimage\",\"url\":\"https:\/\/lipsosotel.com\/wp-content\/uploads\/2026\/01\/IMG_5620-scaled.jpg\",\"contentUrl\":\"https:\/\/lipsosotel.com\/wp-content\/uploads\/2026\/01\/IMG_5620-scaled.jpg\",\"width\":2560,\"height\":1920},{\"@type\":\"BreadcrumbList\",\"@id\":\"https:\/\/lipsosotel.com\/index.php\/restaurant\/#breadcrumb\",\"itemListElement\":[{\"@type\":\"ListItem\",\"position\":1,\"name\":\"Anasayfa\",\"item\":\"https:\/\/lipsosotel.com\/\"},{\"@type\":\"ListItem\",\"position\":2,\"name\":\"Restaurant\"}]},{\"@type\":\"WebSite\",\"@id\":\"https:\/\/lipsosotel.com\/#website\",\"url\":\"https:\/\/lipsosotel.com\/\",\"name\":\"\",\"description\":\"Deniz k\u0131y\u0131s\u0131nda konaklama, Ege mutfa\u011f\u0131 &amp; Deniz \u00fcr\u00fcnleri restoran\u0131\",\"potentialAction\":[{\"@type\":\"SearchAction\",\"target\":{\"@type\":\"EntryPoint\",\"urlTemplate\":\"https:\/\/lipsosotel.com\/?s={search_term_string}\"},\"query-input\":{\"@type\":\"PropertyValueSpecification\",\"valueRequired\":true,\"valueName\":\"search_term_string\"}}],\"inLanguage\":\"tr\"}]}<\/script>\n<!-- \/ Yoast SEO plugin. -->","yoast_head_json":{"title":"Restaurant - Lipsos Otel'de Denize S\u0131f\u0131r Restaurant","description":"Karaburun'da denize s\u0131f\u0131r Restaurant'ta unutulmaz bir lezzet deneyimi. Taze, g\u00fcvenilir ve lezzetli Ege Mutfa\u011f\u0131 yemekleri.","robots":{"index":"index","follow":"follow","max-snippet":"max-snippet:-1","max-image-preview":"max-image-preview:large","max-video-preview":"max-video-preview:-1"},"canonical":"https:\/\/lipsosotel.com\/index.php\/restaurant\/","og_locale":"tr_TR","og_type":"article","og_title":"Restaurant - Lipsos Otel'de Denize S\u0131f\u0131r Restaurant","og_description":"Karaburun'da denize s\u0131f\u0131r Restaurant'ta unutulmaz bir lezzet deneyimi. Taze, g\u00fcvenilir ve lezzetli Ege Mutfa\u011f\u0131 yemekleri.","og_url":"https:\/\/lipsosotel.com\/index.php\/restaurant\/","article_modified_time":"2026-03-11T11:43:17+00:00","og_image":[{"width":2560,"height":1920,"url":"https:\/\/lipsosotel.com\/wp-content\/uploads\/2026\/01\/IMG_5620-scaled.jpg","type":"image\/jpeg"}],"twitter_card":"summary_large_image","twitter_misc":{"Tahmini okuma s\u00fcresi":"1 dakika"},"schema":{"@context":"https:\/\/schema.org","@graph":[{"@type":"WebPage","@id":"https:\/\/lipsosotel.com\/index.php\/restaurant\/","url":"https:\/\/lipsosotel.com\/index.php\/restaurant\/","name":"Restaurant - Lipsos Otel'de Denize S\u0131f\u0131r Restaurant","isPartOf":{"@id":"https:\/\/lipsosotel.com\/#website"},"primaryImageOfPage":{"@id":"https:\/\/lipsosotel.com\/index.php\/restaurant\/#primaryimage"},"image":{"@id":"https:\/\/lipsosotel.com\/index.php\/restaurant\/#primaryimage"},"thumbnailUrl":"https:\/\/lipsosotel.com\/wp-content\/uploads\/2026\/01\/IMG_5620-1024x768.jpg","datePublished":"2025-12-12T10:56:35+00:00","dateModified":"2026-03-11T11:43:17+00:00","description":"Karaburun'da denize s\u0131f\u0131r Restaurant'ta unutulmaz bir lezzet deneyimi. Taze, g\u00fcvenilir ve lezzetli Ege Mutfa\u011f\u0131 yemekleri.","breadcrumb":{"@id":"https:\/\/lipsosotel.com\/index.php\/restaurant\/#breadcrumb"},"inLanguage":"tr","potentialAction":[{"@type":"ReadAction","target":["https:\/\/lipsosotel.com\/index.php\/restaurant\/"]}]},{"@type":"ImageObject","inLanguage":"tr","@id":"https:\/\/lipsosotel.com\/index.php\/restaurant\/#primaryimage","url":"https:\/\/lipsosotel.com\/wp-content\/uploads\/2026\/01\/IMG_5620-scaled.jpg","contentUrl":"https:\/\/lipsosotel.com\/wp-content\/uploads\/2026\/01\/IMG_5620-scaled.jpg","width":2560,"height":1920},{"@type":"BreadcrumbList","@id":"https:\/\/lipsosotel.com\/index.php\/restaurant\/#breadcrumb","itemListElement":[{"@type":"ListItem","position":1,"name":"Anasayfa","item":"https:\/\/lipsosotel.com\/"},{"@type":"ListItem","position":2,"name":"Restaurant"}]},{"@type":"WebSite","@id":"https:\/\/lipsosotel.com\/#website","url":"https:\/\/lipsosotel.com\/","name":"","description":"Deniz k\u0131y\u0131s\u0131nda konaklama, Ege mutfa\u011f\u0131 &amp; Deniz \u00fcr\u00fcnleri restoran\u0131","potentialAction":[{"@type":"SearchAction","target":{"@type":"EntryPoint","urlTemplate":"https:\/\/lipsosotel.com\/?s={search_term_string}"},"query-input":{"@type":"PropertyValueSpecification","valueRequired":true,"valueName":"search_term_string"}}],"inLanguage":"tr"}]}},"_links":{"self":[{"href":"https:\/\/lipsosotel.com\/index.php\/wp-json\/wp\/v2\/pages\/3246","targetHints":{"allow":["GET"]}}],"collection":[{"href":"https:\/\/lipsosotel.com\/index.php\/wp-json\/wp\/v2\/pages"}],"about":[{"href":"https:\/\/lipsosotel.com\/index.php\/wp-json\/wp\/v2\/types\/page"}],"author":[{"embeddable":true,"href":"https:\/\/lipsosotel.com\/index.php\/wp-json\/wp\/v2\/users\/1"}],"replies":[{"embeddable":true,"href":"https:\/\/lipsosotel.com\/index.php\/wp-json\/wp\/v2\/comments?post=3246"}],"version-history":[{"count":14,"href":"https:\/\/lipsosotel.com\/index.php\/wp-json\/wp\/v2\/pages\/3246\/revisions"}],"predecessor-version":[{"id":4335,"href":"https:\/\/lipsosotel.com\/index.php\/wp-json\/wp\/v2\/pages\/3246\/revisions\/4335"}],"wp:attachment":[{"href":"https:\/\/lipsosotel.com\/index.php\/wp-json\/wp\/v2\/media?parent=3246"}],"curies":[{"name":"wp","href":"https:\/\/api.w.org\/{rel}","templated":true}]}}