{"id":3251,"date":"2025-12-12T13:57:19","date_gmt":"2025-12-12T10:57:19","guid":{"rendered":"https:\/\/lipsosotel.com\/staging\/?page_id=3251"},"modified":"2026-03-09T22:06:48","modified_gmt":"2026-03-09T19:06:48","slug":"rezervasyon-2","status":"publish","type":"page","link":"https:\/\/lipsosotel.com\/index.php\/rezervasyon-2\/","title":{"rendered":"Rezervasyon"},"content":{"rendered":"\t\t<div data-elementor-type=\"wp-page\" data-elementor-id=\"3251\" class=\"elementor elementor-3251\" data-elementor-post-type=\"page\">\n\t\t\t\t<div class=\"elementor-element elementor-element-ef1247f e-flex e-con-boxed e-con e-parent\" data-id=\"ef1247f\" data-element_type=\"container\" data-e-type=\"container\">\n\t\t\t\t\t<div class=\"e-con-inner\">\n\t\t\t\t<div class=\"elementor-element elementor-element-a5edfcf elementor-widget elementor-widget-heading\" data-id=\"a5edfcf\" data-element_type=\"widget\" data-e-type=\"widget\" data-widget_type=\"heading.default\">\n\t\t\t\t\t<h2 class=\"elementor-heading-title elementor-size-default\">Rezervasyon<\/h2>\t\t\t\t<\/div>\n\t\t\t\t<div class=\"elementor-element elementor-element-bf5fd0b elementor-widget elementor-widget-text-editor\" data-id=\"bf5fd0b\" data-element_type=\"widget\" data-e-type=\"widget\" data-widget_type=\"text-editor.default\">\n\t\t\t\t\t\t\t\t\t<p>Lipsos&#8217;ta size daha iyi hizmet verebilmemiz i\u00e7in rezervasyon yapt\u0131rman\u0131z\u0131 \u00f6nemle rica ederiz.<\/p>\t\t\t\t\t\t\t\t<\/div>\n\t\t\t\t<div class=\"elementor-element elementor-element-cd48df8 elementor-widget elementor-widget-button\" data-id=\"cd48df8\" data-element_type=\"widget\" data-e-type=\"widget\" data-widget_type=\"button.default\">\n\t\t\t\t\t\t\t\t\t\t<a class=\"elementor-button elementor-button-link elementor-size-sm\" href=\"https:\/\/lipsosotel.com\/index.php\/rezervasyon-2\/konaklama\/\">\n\t\t\t\t\t\t<span class=\"elementor-button-content-wrapper\">\n\t\t\t\t\t\t\t\t\t<span class=\"elementor-button-text\">Konaklama Rezervasyonu \u0130\u00e7in T\u0131klay\u0131n\u0131z<\/span>\n\t\t\t\t\t<\/span>\n\t\t\t\t\t<\/a>\n\t\t\t\t\t\t\t\t<\/div>\n\t\t\t\t<div class=\"elementor-element elementor-element-8d5e706 elementor-widget elementor-widget-button\" data-id=\"8d5e706\" data-element_type=\"widget\" data-e-type=\"widget\" data-widget_type=\"button.default\">\n\t\t\t\t\t\t\t\t\t\t<a class=\"elementor-button elementor-button-link elementor-size-sm\" href=\"https:\/\/lipsosotel.com\/index.php\/rezervasyon-2\/restaurant\/\">\n\t\t\t\t\t\t<span class=\"elementor-button-content-wrapper\">\n\t\t\t\t\t\t\t\t\t<span class=\"elementor-button-text\">Restaurant Rezervasyonu \u0130\u00e7in T\u0131klay\u0131n\u0131z<\/span>\n\t\t\t\t\t<\/span>\n\t\t\t\t\t<\/a>\n\t\t\t\t\t\t\t\t<\/div>\n\t\t\t\t<div class=\"elementor-element elementor-element-6a12732 elementor-widget elementor-widget-button\" data-id=\"6a12732\" data-element_type=\"widget\" data-e-type=\"widget\" data-widget_type=\"button.default\">\n\t\t\t\t\t\t\t\t\t\t<a class=\"elementor-button elementor-button-link elementor-size-sm\" href=\"https:\/\/lipsosotel.com\/index.php\/iletisim\/\">\n\t\t\t\t\t\t<span class=\"elementor-button-content-wrapper\">\n\t\t\t\t\t\t\t\t\t<span class=\"elementor-button-text\">\u0130leti\u015fim ve Konum Bilgileri \u0130\u00e7in T\u0131klay\u0131n\u0131z<\/span>\n\t\t\t\t\t<\/span>\n\t\t\t\t\t<\/a>\n\t\t\t\t\t\t\t\t<\/div>\n\t\t\t\t\t<\/div>\n\t\t\t\t<\/div>\n\t\t\t\t<\/div>\n\t\t","protected":false},"excerpt":{"rendered":"<p>Rezervasyon Lipsos&#8217;ta size daha iyi hizmet verebilmemiz i\u00e7in rezervasyon yapt\u0131rman\u0131z\u0131 \u00f6nemle rica ederiz. Konaklama Rezervasyonu \u0130\u00e7in T\u0131klay\u0131n\u0131z Restaurant Rezervasyonu \u0130\u00e7in [&hellip;]<\/p>\n","protected":false},"author":1,"featured_media":0,"parent":0,"menu_order":0,"comment_status":"closed","ping_status":"closed","template":"","meta":{"_acf_changed":false,"site-sidebar-layout":"no-sidebar","site-content-layout":"","ast-site-content-layout":"full-width-container","site-content-style":"default","site-sidebar-style":"default","ast-global-header-display":"","ast-banner-title-visibility":"","ast-main-header-display":"","ast-hfb-above-header-display":"","ast-hfb-below-header-display":"","ast-hfb-mobile-header-display":"","site-post-title":"","ast-breadcrumbs-content":"","ast-featured-img":"disabled","footer-sml-layout":"","theme-transparent-header-meta":"default","adv-header-id-meta":"","stick-header-meta":"","header-above-stick-meta":"","header-main-stick-meta":"","header-below-stick-meta":"","astra-migrate-meta-layouts":"set","ast-page-background-enabled":"default","ast-page-background-meta":{"desktop":{"background-color":"var(--ast-global-color-5)","background-image":"","background-repeat":"repeat","background-position":"center center","background-size":"auto","background-attachment":"scroll","background-type":"","background-media":"","overlay-type":"","overlay-color":"","overlay-opacity":"","overlay-gradient":""},"tablet":{"background-color":"","background-image":"","background-repeat":"repeat","background-position":"center center","background-size":"auto","background-attachment":"scroll","background-type":"","background-media":"","overlay-type":"","overlay-color":"","overlay-opacity":"","overlay-gradient":""},"mobile":{"background-color":"","background-image":"","background-repeat":"repeat","background-position":"center center","background-size":"auto","background-attachment":"scroll","background-type":"","background-media":"","overlay-type":"","overlay-color":"","overlay-opacity":"","overlay-gradient":""}},"ast-content-background-meta":{"desktop":{"background-color":"var(--ast-global-color-4)","background-image":"","background-repeat":"repeat","background-position":"center center","background-size":"auto","background-attachment":"scroll","background-type":"","background-media":"","overlay-type":"","overlay-color":"","overlay-opacity":"","overlay-gradient":""},"tablet":{"background-color":"var(--ast-global-color-4)","background-image":"","background-repeat":"repeat","background-position":"center center","background-size":"auto","background-attachment":"scroll","background-type":"","background-media":"","overlay-type":"","overlay-color":"","overlay-opacity":"","overlay-gradient":""},"mobile":{"background-color":"var(--ast-global-color-4)","background-image":"","background-repeat":"repeat","background-position":"center center","background-size":"auto","background-attachment":"scroll","background-type":"","background-media":"","overlay-type":"","overlay-color":"","overlay-opacity":"","overlay-gradient":""}},"footnotes":""},"class_list":["post-3251","page","type-page","status-publish","hentry"],"acf":[],"yoast_head":"<!-- This site is optimized with the Yoast SEO plugin v26.0 - https:\/\/yoast.com\/wordpress\/plugins\/seo\/ -->\n<title>Rezervasyon -<\/title>\n<meta name=\"robots\" content=\"index, follow, max-snippet:-1, max-image-preview:large, max-video-preview:-1\" \/>\n<link rel=\"canonical\" href=\"https:\/\/lipsosotel.com\/index.php\/rezervasyon-2\/\" \/>\n<meta property=\"og:locale\" content=\"tr_TR\" \/>\n<meta property=\"og:type\" content=\"article\" \/>\n<meta property=\"og:title\" content=\"Rezervasyon -\" \/>\n<meta property=\"og:description\" content=\"Rezervasyon Lipsos&#8217;ta size daha iyi hizmet verebilmemiz i\u00e7in rezervasyon yapt\u0131rman\u0131z\u0131 \u00f6nemle rica ederiz. Konaklama Rezervasyonu \u0130\u00e7in T\u0131klay\u0131n\u0131z Restaurant Rezervasyonu \u0130\u00e7in [&hellip;]\" \/>\n<meta property=\"og:url\" content=\"https:\/\/lipsosotel.com\/index.php\/rezervasyon-2\/\" \/>\n<meta property=\"article:modified_time\" content=\"2026-03-09T19:06:48+00:00\" \/>\n<meta name=\"twitter:card\" content=\"summary_large_image\" \/>\n<meta name=\"twitter:label1\" content=\"Tahmini okuma s\u00fcresi\" \/>\n\t<meta name=\"twitter:data1\" content=\"1 dakika\" \/>\n<script type=\"application\/ld+json\" class=\"yoast-schema-graph\">{\"@context\":\"https:\/\/schema.org\",\"@graph\":[{\"@type\":\"WebPage\",\"@id\":\"https:\/\/lipsosotel.com\/index.php\/rezervasyon-2\/\",\"url\":\"https:\/\/lipsosotel.com\/index.php\/rezervasyon-2\/\",\"name\":\"Rezervasyon -\",\"isPartOf\":{\"@id\":\"https:\/\/lipsosotel.com\/#website\"},\"datePublished\":\"2025-12-12T10:57:19+00:00\",\"dateModified\":\"2026-03-09T19:06:48+00:00\",\"breadcrumb\":{\"@id\":\"https:\/\/lipsosotel.com\/index.php\/rezervasyon-2\/#breadcrumb\"},\"inLanguage\":\"tr\",\"potentialAction\":[{\"@type\":\"ReadAction\",\"target\":[\"https:\/\/lipsosotel.com\/index.php\/rezervasyon-2\/\"]}]},{\"@type\":\"BreadcrumbList\",\"@id\":\"https:\/\/lipsosotel.com\/index.php\/rezervasyon-2\/#breadcrumb\",\"itemListElement\":[{\"@type\":\"ListItem\",\"position\":1,\"name\":\"Anasayfa\",\"item\":\"https:\/\/lipsosotel.com\/\"},{\"@type\":\"ListItem\",\"position\":2,\"name\":\"Rezervasyon\"}]},{\"@type\":\"WebSite\",\"@id\":\"https:\/\/lipsosotel.com\/#website\",\"url\":\"https:\/\/lipsosotel.com\/\",\"name\":\"\",\"description\":\"Deniz k\u0131y\u0131s\u0131nda konaklama, Ege mutfa\u011f\u0131 &amp; Deniz \u00fcr\u00fcnleri restoran\u0131\",\"potentialAction\":[{\"@type\":\"SearchAction\",\"target\":{\"@type\":\"EntryPoint\",\"urlTemplate\":\"https:\/\/lipsosotel.com\/?s={search_term_string}\"},\"query-input\":{\"@type\":\"PropertyValueSpecification\",\"valueRequired\":true,\"valueName\":\"search_term_string\"}}],\"inLanguage\":\"tr\"}]}<\/script>\n<!-- \/ Yoast SEO plugin. -->","yoast_head_json":{"title":"Rezervasyon -","robots":{"index":"index","follow":"follow","max-snippet":"max-snippet:-1","max-image-preview":"max-image-preview:large","max-video-preview":"max-video-preview:-1"},"canonical":"https:\/\/lipsosotel.com\/index.php\/rezervasyon-2\/","og_locale":"tr_TR","og_type":"article","og_title":"Rezervasyon -","og_description":"Rezervasyon Lipsos&#8217;ta size daha iyi hizmet verebilmemiz i\u00e7in rezervasyon yapt\u0131rman\u0131z\u0131 \u00f6nemle rica ederiz. Konaklama Rezervasyonu \u0130\u00e7in T\u0131klay\u0131n\u0131z Restaurant Rezervasyonu \u0130\u00e7in [&hellip;]","og_url":"https:\/\/lipsosotel.com\/index.php\/rezervasyon-2\/","article_modified_time":"2026-03-09T19:06:48+00:00","twitter_card":"summary_large_image","twitter_misc":{"Tahmini okuma s\u00fcresi":"1 dakika"},"schema":{"@context":"https:\/\/schema.org","@graph":[{"@type":"WebPage","@id":"https:\/\/lipsosotel.com\/index.php\/rezervasyon-2\/","url":"https:\/\/lipsosotel.com\/index.php\/rezervasyon-2\/","name":"Rezervasyon -","isPartOf":{"@id":"https:\/\/lipsosotel.com\/#website"},"datePublished":"2025-12-12T10:57:19+00:00","dateModified":"2026-03-09T19:06:48+00:00","breadcrumb":{"@id":"https:\/\/lipsosotel.com\/index.php\/rezervasyon-2\/#breadcrumb"},"inLanguage":"tr","potentialAction":[{"@type":"ReadAction","target":["https:\/\/lipsosotel.com\/index.php\/rezervasyon-2\/"]}]},{"@type":"BreadcrumbList","@id":"https:\/\/lipsosotel.com\/index.php\/rezervasyon-2\/#breadcrumb","itemListElement":[{"@type":"ListItem","position":1,"name":"Anasayfa","item":"https:\/\/lipsosotel.com\/"},{"@type":"ListItem","position":2,"name":"Rezervasyon"}]},{"@type":"WebSite","@id":"https:\/\/lipsosotel.com\/#website","url":"https:\/\/lipsosotel.com\/","name":"","description":"Deniz k\u0131y\u0131s\u0131nda konaklama, Ege mutfa\u011f\u0131 &amp; Deniz \u00fcr\u00fcnleri restoran\u0131","potentialAction":[{"@type":"SearchAction","target":{"@type":"EntryPoint","urlTemplate":"https:\/\/lipsosotel.com\/?s={search_term_string}"},"query-input":{"@type":"PropertyValueSpecification","valueRequired":true,"valueName":"search_term_string"}}],"inLanguage":"tr"}]}},"_links":{"self":[{"href":"https:\/\/lipsosotel.com\/index.php\/wp-json\/wp\/v2\/pages\/3251","targetHints":{"allow":["GET"]}}],"collection":[{"href":"https:\/\/lipsosotel.com\/index.php\/wp-json\/wp\/v2\/pages"}],"about":[{"href":"https:\/\/lipsosotel.com\/index.php\/wp-json\/wp\/v2\/types\/page"}],"author":[{"embeddable":true,"href":"https:\/\/lipsosotel.com\/index.php\/wp-json\/wp\/v2\/users\/1"}],"replies":[{"embeddable":true,"href":"https:\/\/lipsosotel.com\/index.php\/wp-json\/wp\/v2\/comments?post=3251"}],"version-history":[{"count":13,"href":"https:\/\/lipsosotel.com\/index.php\/wp-json\/wp\/v2\/pages\/3251\/revisions"}],"predecessor-version":[{"id":4250,"href":"https:\/\/lipsosotel.com\/index.php\/wp-json\/wp\/v2\/pages\/3251\/revisions\/4250"}],"wp:attachment":[{"href":"https:\/\/lipsosotel.com\/index.php\/wp-json\/wp\/v2\/media?parent=3251"}],"curies":[{"name":"wp","href":"https:\/\/api.w.org\/{rel}","templated":true}]}}