{"id":3275,"date":"2025-12-12T14:08:41","date_gmt":"2025-12-12T11:08:41","guid":{"rendered":"https:\/\/lipsosotel.com\/staging\/?page_id=3275"},"modified":"2026-03-09T20:36:50","modified_gmt":"2026-03-09T17:36:50","slug":"tepeboz-tas-ev","status":"publish","type":"page","link":"https:\/\/lipsosotel.com\/index.php\/konaklama\/tepeboz-tas-ev\/","title":{"rendered":"Tepeboz Ta\u015f Ev"},"content":{"rendered":"\t\t<div data-elementor-type=\"wp-page\" data-elementor-id=\"3275\" class=\"elementor elementor-3275\" data-elementor-post-type=\"page\">\n\t\t\t\t<div class=\"elementor-element elementor-element-c2e12cc e-flex e-con-boxed e-con e-parent\" data-id=\"c2e12cc\" data-element_type=\"container\" data-e-type=\"container\">\n\t\t\t\t\t<div class=\"e-con-inner\">\n\t\t\t\t<div class=\"elementor-element elementor-element-9bfdab9 elementor-widget elementor-widget-heading\" data-id=\"9bfdab9\" data-element_type=\"widget\" data-e-type=\"widget\" data-widget_type=\"heading.default\">\n\t\t\t\t\t<h2 class=\"elementor-heading-title elementor-size-default\">Tepeboz Ta\u015f Ev<\/h2>\t\t\t\t<\/div>\n\t\t\t\t<div class=\"elementor-element elementor-element-60fba8c elementor-widget elementor-widget-text-editor\" data-id=\"60fba8c\" data-element_type=\"widget\" data-e-type=\"widget\" data-widget_type=\"text-editor.default\">\n\t\t\t\t\t\t\t\t\t<p>195 metre rak\u0131ml\u0131 tarihi Tepeboz K\u00f6y\u00fc\u2019nde konumlanan TEPEBOZ TA\u015e EV, sosyal medyadaki ad\u0131yla TEPEBOZ STONE HOUSE, misafirlerine konforlu bir konaklama imkan\u0131 sunmaktad\u0131r.<\/p><p>3 yatak odas\u0131, 2 banyo ve 1 mutfak bulunan evde en fazla 9 ki\u015fi konaklayabilmektedir. Kahvalt\u0131 ve temizlik hizmeti bulunmamaktad\u0131r.<\/p><p>Lipsos K\u00fc\u00e7\u00fck Otel ve Lipsos Restaurant\u2019a 3 km mesafedeki evin konuklar\u0131, Yeniliman sahilindeki otel plaj\u0131ndan \u00fccretsiz faydalanabilmektedir.<\/p>\t\t\t\t\t\t\t\t<\/div>\n\t\t\t\t<div class=\"elementor-element elementor-element-20d5280 elementor-arrows-position-inside elementor-widget elementor-widget-image-carousel\" data-id=\"20d5280\" data-element_type=\"widget\" data-e-type=\"widget\" data-settings=\"{&quot;slides_to_show&quot;:&quot;1&quot;,&quot;navigation&quot;:&quot;arrows&quot;,&quot;autoplay&quot;:&quot;yes&quot;,&quot;pause_on_hover&quot;:&quot;yes&quot;,&quot;pause_on_interaction&quot;:&quot;yes&quot;,&quot;autoplay_speed&quot;:5000,&quot;infinite&quot;:&quot;yes&quot;,&quot;effect&quot;:&quot;slide&quot;,&quot;speed&quot;:500}\" data-widget_type=\"image-carousel.default\">\n\t\t\t\t\t\t\t<div class=\"elementor-image-carousel-wrapper swiper\" role=\"region\" aria-roledescription=\"carousel\" aria-label=\"Resim D\u00f6ng\u00fcs\u00fc\" dir=\"ltr\">\n\t\t\t<div class=\"elementor-image-carousel swiper-wrapper\" aria-live=\"off\">\n\t\t\t\t\t\t\t\t<div class=\"swiper-slide\" role=\"group\" aria-roledescription=\"slide\" aria-label=\"1 \/ 8\"><figure class=\"swiper-slide-inner\"><img decoding=\"async\" class=\"swiper-slide-image\" src=\"https:\/\/lipsosotel.com\/wp-content\/uploads\/2025\/05\/20230830_142041-2048x1536.jpg\" alt=\"20230830_142041\" \/><\/figure><\/div><div class=\"swiper-slide\" role=\"group\" aria-roledescription=\"slide\" aria-label=\"2 \/ 8\"><figure class=\"swiper-slide-inner\"><img decoding=\"async\" class=\"swiper-slide-image\" src=\"https:\/\/lipsosotel.com\/wp-content\/uploads\/2025\/05\/20240626_210911-2048x1536.jpg\" alt=\"20240626_210911\" \/><\/figure><\/div><div class=\"swiper-slide\" role=\"group\" aria-roledescription=\"slide\" aria-label=\"3 \/ 8\"><figure class=\"swiper-slide-inner\"><img decoding=\"async\" class=\"swiper-slide-image\" src=\"https:\/\/lipsosotel.com\/wp-content\/uploads\/2025\/05\/20240126_153231-2048x1536.jpg\" alt=\"20240126_153231\" \/><\/figure><\/div><div class=\"swiper-slide\" role=\"group\" aria-roledescription=\"slide\" aria-label=\"4 \/ 8\"><figure class=\"swiper-slide-inner\"><img decoding=\"async\" class=\"swiper-slide-image\" src=\"https:\/\/lipsosotel.com\/wp-content\/uploads\/2025\/05\/20240126_153921-2048x1536.jpg\" alt=\"20240126_153921\" \/><\/figure><\/div><div class=\"swiper-slide\" role=\"group\" aria-roledescription=\"slide\" aria-label=\"5 \/ 8\"><figure class=\"swiper-slide-inner\"><img decoding=\"async\" class=\"swiper-slide-image\" src=\"https:\/\/lipsosotel.com\/wp-content\/uploads\/2025\/05\/20240126_155148-2048x1536.jpg\" alt=\"20240126_155148\" \/><\/figure><\/div><div class=\"swiper-slide\" role=\"group\" aria-roledescription=\"slide\" aria-label=\"6 \/ 8\"><figure class=\"swiper-slide-inner\"><img decoding=\"async\" class=\"swiper-slide-image\" src=\"https:\/\/lipsosotel.com\/wp-content\/uploads\/2025\/05\/20240420_201636-2048x1536.jpg\" alt=\"20240420_201636\" \/><\/figure><\/div><div class=\"swiper-slide\" role=\"group\" aria-roledescription=\"slide\" aria-label=\"7 \/ 8\"><figure class=\"swiper-slide-inner\"><img decoding=\"async\" class=\"swiper-slide-image\" src=\"https:\/\/lipsosotel.com\/wp-content\/uploads\/2025\/05\/20240626_204530-2048x1536.jpg\" alt=\"20240626_204530\" \/><\/figure><\/div><div class=\"swiper-slide\" role=\"group\" aria-roledescription=\"slide\" aria-label=\"8 \/ 8\"><figure class=\"swiper-slide-inner\"><img decoding=\"async\" class=\"swiper-slide-image\" src=\"https:\/\/lipsosotel.com\/wp-content\/uploads\/2025\/05\/20240626_204651-2048x1536.jpg\" alt=\"20240626_204651\" \/><\/figure><\/div>\t\t\t<\/div>\n\t\t\t\t\t\t\t\t\t\t\t\t<div class=\"elementor-swiper-button elementor-swiper-button-prev\" role=\"button\" tabindex=\"0\">\n\t\t\t\t\t\t<svg aria-hidden=\"true\" class=\"e-font-icon-svg e-eicon-chevron-left\" viewBox=\"0 0 1000 1000\" xmlns=\"http:\/\/www.w3.org\/2000\/svg\"><path d=\"M646 125C629 125 613 133 604 142L308 442C296 454 292 471 292 487 292 504 296 521 308 533L604 854C617 867 629 875 646 875 663 875 679 871 692 858 704 846 713 829 713 812 713 796 708 779 692 767L438 487 692 225C700 217 708 204 708 187 708 171 704 154 692 142 675 129 663 125 646 125Z\"><\/path><\/svg>\t\t\t\t\t<\/div>\n\t\t\t\t\t<div class=\"elementor-swiper-button elementor-swiper-button-next\" role=\"button\" tabindex=\"0\">\n\t\t\t\t\t\t<svg aria-hidden=\"true\" class=\"e-font-icon-svg e-eicon-chevron-right\" viewBox=\"0 0 1000 1000\" xmlns=\"http:\/\/www.w3.org\/2000\/svg\"><path d=\"M696 533C708 521 713 504 713 487 713 471 708 454 696 446L400 146C388 133 375 125 354 125 338 125 325 129 313 142 300 154 292 171 292 187 292 204 296 221 308 233L563 492 304 771C292 783 288 800 288 817 288 833 296 850 308 863 321 871 338 875 354 875 371 875 388 867 400 854L696 533Z\"><\/path><\/svg>\t\t\t\t\t<\/div>\n\t\t\t\t\n\t\t\t\t\t\t\t\t\t<\/div>\n\t\t\t\t\t\t<\/div>\n\t\t\t\t<div class=\"elementor-element elementor-element-02d8407 elementor-widget elementor-widget-button\" data-id=\"02d8407\" data-element_type=\"widget\" data-e-type=\"widget\" data-widget_type=\"button.default\">\n\t\t\t\t\t\t\t\t\t\t<a class=\"elementor-button elementor-button-link elementor-size-sm\" href=\"https:\/\/lipsosotel.com\/index.php\/rezervasyon-2\/konaklama\/\">\n\t\t\t\t\t\t<span class=\"elementor-button-content-wrapper\">\n\t\t\t\t\t\t\t\t\t<span class=\"elementor-button-text\">Rezervasyon \u0130\u00e7in T\u0131klay\u0131n\u0131z<\/span>\n\t\t\t\t\t<\/span>\n\t\t\t\t\t<\/a>\n\t\t\t\t\t\t\t\t<\/div>\n\t\t\t\t\t<\/div>\n\t\t\t\t<\/div>\n\t\t\t\t<\/div>\n\t\t","protected":false},"excerpt":{"rendered":"<p>Tepeboz Ta\u015f Ev 195 metre rak\u0131ml\u0131 tarihi Tepeboz K\u00f6y\u00fc\u2019nde konumlanan TEPEBOZ TA\u015e EV, sosyal medyadaki ad\u0131yla TEPEBOZ STONE HOUSE, misafirlerine [&hellip;]<\/p>\n","protected":false},"author":1,"featured_media":0,"parent":3242,"menu_order":0,"comment_status":"closed","ping_status":"closed","template":"","meta":{"_acf_changed":false,"site-sidebar-layout":"no-sidebar","site-content-layout":"","ast-site-content-layout":"full-width-container","site-content-style":"default","site-sidebar-style":"default","ast-global-header-display":"","ast-banner-title-visibility":"","ast-main-header-display":"","ast-hfb-above-header-display":"","ast-hfb-below-header-display":"","ast-hfb-mobile-header-display":"","site-post-title":"","ast-breadcrumbs-content":"","ast-featured-img":"disabled","footer-sml-layout":"","theme-transparent-header-meta":"default","adv-header-id-meta":"","stick-header-meta":"","header-above-stick-meta":"","header-main-stick-meta":"","header-below-stick-meta":"","astra-migrate-meta-layouts":"set","ast-page-background-enabled":"default","ast-page-background-meta":{"desktop":{"background-color":"var(--ast-global-color-5)","background-image":"","background-repeat":"repeat","background-position":"center center","background-size":"auto","background-attachment":"scroll","background-type":"","background-media":"","overlay-type":"","overlay-color":"","overlay-opacity":"","overlay-gradient":""},"tablet":{"background-color":"","background-image":"","background-repeat":"repeat","background-position":"center center","background-size":"auto","background-attachment":"scroll","background-type":"","background-media":"","overlay-type":"","overlay-color":"","overlay-opacity":"","overlay-gradient":""},"mobile":{"background-color":"","background-image":"","background-repeat":"repeat","background-position":"center center","background-size":"auto","background-attachment":"scroll","background-type":"","background-media":"","overlay-type":"","overlay-color":"","overlay-opacity":"","overlay-gradient":""}},"ast-content-background-meta":{"desktop":{"background-color":"var(--ast-global-color-4)","background-image":"","background-repeat":"repeat","background-position":"center center","background-size":"auto","background-attachment":"scroll","background-type":"","background-media":"","overlay-type":"","overlay-color":"","overlay-opacity":"","overlay-gradient":""},"tablet":{"background-color":"var(--ast-global-color-4)","background-image":"","background-repeat":"repeat","background-position":"center center","background-size":"auto","background-attachment":"scroll","background-type":"","background-media":"","overlay-type":"","overlay-color":"","overlay-opacity":"","overlay-gradient":""},"mobile":{"background-color":"var(--ast-global-color-4)","background-image":"","background-repeat":"repeat","background-position":"center center","background-size":"auto","background-attachment":"scroll","background-type":"","background-media":"","overlay-type":"","overlay-color":"","overlay-opacity":"","overlay-gradient":""}},"footnotes":""},"class_list":["post-3275","page","type-page","status-publish","hentry"],"acf":[],"yoast_head":"<!-- This site is optimized with the Yoast SEO plugin v26.0 - https:\/\/yoast.com\/wordpress\/plugins\/seo\/ -->\n<title>Tepeboz Ta\u015f Ev -<\/title>\n<meta name=\"robots\" content=\"index, follow, max-snippet:-1, max-image-preview:large, max-video-preview:-1\" \/>\n<link rel=\"canonical\" href=\"https:\/\/lipsosotel.com\/index.php\/konaklama\/tepeboz-tas-ev\/\" \/>\n<meta property=\"og:locale\" content=\"tr_TR\" \/>\n<meta property=\"og:type\" content=\"article\" \/>\n<meta property=\"og:title\" content=\"Tepeboz Ta\u015f Ev -\" \/>\n<meta property=\"og:description\" content=\"Tepeboz Ta\u015f Ev 195 metre rak\u0131ml\u0131 tarihi Tepeboz K\u00f6y\u00fc\u2019nde konumlanan TEPEBOZ TA\u015e EV, sosyal medyadaki ad\u0131yla TEPEBOZ STONE HOUSE, misafirlerine [&hellip;]\" \/>\n<meta property=\"og:url\" content=\"https:\/\/lipsosotel.com\/index.php\/konaklama\/tepeboz-tas-ev\/\" \/>\n<meta property=\"article:modified_time\" content=\"2026-03-09T17:36:50+00:00\" \/>\n<meta property=\"og:image\" content=\"https:\/\/lipsosotel.com\/wp-content\/uploads\/2025\/05\/20230830_142041-2048x1536.jpg\" \/>\n<meta name=\"twitter:card\" content=\"summary_large_image\" \/>\n<meta name=\"twitter:label1\" content=\"Tahmini okuma s\u00fcresi\" \/>\n\t<meta name=\"twitter:data1\" content=\"3 dakika\" \/>\n<script type=\"application\/ld+json\" class=\"yoast-schema-graph\">{\"@context\":\"https:\/\/schema.org\",\"@graph\":[{\"@type\":\"WebPage\",\"@id\":\"https:\/\/lipsosotel.com\/index.php\/konaklama\/tepeboz-tas-ev\/\",\"url\":\"https:\/\/lipsosotel.com\/index.php\/konaklama\/tepeboz-tas-ev\/\",\"name\":\"Tepeboz Ta\u015f Ev -\",\"isPartOf\":{\"@id\":\"https:\/\/lipsosotel.com\/#website\"},\"primaryImageOfPage\":{\"@id\":\"https:\/\/lipsosotel.com\/index.php\/konaklama\/tepeboz-tas-ev\/#primaryimage\"},\"image\":{\"@id\":\"https:\/\/lipsosotel.com\/index.php\/konaklama\/tepeboz-tas-ev\/#primaryimage\"},\"thumbnailUrl\":\"https:\/\/lipsosotel.com\/wp-content\/uploads\/2025\/05\/20230830_142041-2048x1536.jpg\",\"datePublished\":\"2025-12-12T11:08:41+00:00\",\"dateModified\":\"2026-03-09T17:36:50+00:00\",\"breadcrumb\":{\"@id\":\"https:\/\/lipsosotel.com\/index.php\/konaklama\/tepeboz-tas-ev\/#breadcrumb\"},\"inLanguage\":\"tr\",\"potentialAction\":[{\"@type\":\"ReadAction\",\"target\":[\"https:\/\/lipsosotel.com\/index.php\/konaklama\/tepeboz-tas-ev\/\"]}]},{\"@type\":\"ImageObject\",\"inLanguage\":\"tr\",\"@id\":\"https:\/\/lipsosotel.com\/index.php\/konaklama\/tepeboz-tas-ev\/#primaryimage\",\"url\":\"https:\/\/lipsosotel.com\/wp-content\/uploads\/2025\/05\/20230830_142041-scaled.jpg\",\"contentUrl\":\"https:\/\/lipsosotel.com\/wp-content\/uploads\/2025\/05\/20230830_142041-scaled.jpg\",\"width\":2560,\"height\":1920},{\"@type\":\"BreadcrumbList\",\"@id\":\"https:\/\/lipsosotel.com\/index.php\/konaklama\/tepeboz-tas-ev\/#breadcrumb\",\"itemListElement\":[{\"@type\":\"ListItem\",\"position\":1,\"name\":\"Anasayfa\",\"item\":\"https:\/\/lipsosotel.com\/\"},{\"@type\":\"ListItem\",\"position\":2,\"name\":\"Konaklama\",\"item\":\"https:\/\/lipsosotel.com\/index.php\/konaklama\/\"},{\"@type\":\"ListItem\",\"position\":3,\"name\":\"Tepeboz Ta\u015f Ev\"}]},{\"@type\":\"WebSite\",\"@id\":\"https:\/\/lipsosotel.com\/#website\",\"url\":\"https:\/\/lipsosotel.com\/\",\"name\":\"\",\"description\":\"Deniz k\u0131y\u0131s\u0131nda konaklama, Ege mutfa\u011f\u0131 &amp; Deniz \u00fcr\u00fcnleri restoran\u0131\",\"potentialAction\":[{\"@type\":\"SearchAction\",\"target\":{\"@type\":\"EntryPoint\",\"urlTemplate\":\"https:\/\/lipsosotel.com\/?s={search_term_string}\"},\"query-input\":{\"@type\":\"PropertyValueSpecification\",\"valueRequired\":true,\"valueName\":\"search_term_string\"}}],\"inLanguage\":\"tr\"}]}<\/script>\n<!-- \/ Yoast SEO plugin. -->","yoast_head_json":{"title":"Tepeboz Ta\u015f Ev -","robots":{"index":"index","follow":"follow","max-snippet":"max-snippet:-1","max-image-preview":"max-image-preview:large","max-video-preview":"max-video-preview:-1"},"canonical":"https:\/\/lipsosotel.com\/index.php\/konaklama\/tepeboz-tas-ev\/","og_locale":"tr_TR","og_type":"article","og_title":"Tepeboz Ta\u015f Ev -","og_description":"Tepeboz Ta\u015f Ev 195 metre rak\u0131ml\u0131 tarihi Tepeboz K\u00f6y\u00fc\u2019nde konumlanan TEPEBOZ TA\u015e EV, sosyal medyadaki ad\u0131yla TEPEBOZ STONE HOUSE, misafirlerine [&hellip;]","og_url":"https:\/\/lipsosotel.com\/index.php\/konaklama\/tepeboz-tas-ev\/","article_modified_time":"2026-03-09T17:36:50+00:00","og_image":[{"url":"https:\/\/lipsosotel.com\/wp-content\/uploads\/2025\/05\/20230830_142041-2048x1536.jpg","type":"","width":"","height":""}],"twitter_card":"summary_large_image","twitter_misc":{"Tahmini okuma s\u00fcresi":"3 dakika"},"schema":{"@context":"https:\/\/schema.org","@graph":[{"@type":"WebPage","@id":"https:\/\/lipsosotel.com\/index.php\/konaklama\/tepeboz-tas-ev\/","url":"https:\/\/lipsosotel.com\/index.php\/konaklama\/tepeboz-tas-ev\/","name":"Tepeboz Ta\u015f Ev -","isPartOf":{"@id":"https:\/\/lipsosotel.com\/#website"},"primaryImageOfPage":{"@id":"https:\/\/lipsosotel.com\/index.php\/konaklama\/tepeboz-tas-ev\/#primaryimage"},"image":{"@id":"https:\/\/lipsosotel.com\/index.php\/konaklama\/tepeboz-tas-ev\/#primaryimage"},"thumbnailUrl":"https:\/\/lipsosotel.com\/wp-content\/uploads\/2025\/05\/20230830_142041-2048x1536.jpg","datePublished":"2025-12-12T11:08:41+00:00","dateModified":"2026-03-09T17:36:50+00:00","breadcrumb":{"@id":"https:\/\/lipsosotel.com\/index.php\/konaklama\/tepeboz-tas-ev\/#breadcrumb"},"inLanguage":"tr","potentialAction":[{"@type":"ReadAction","target":["https:\/\/lipsosotel.com\/index.php\/konaklama\/tepeboz-tas-ev\/"]}]},{"@type":"ImageObject","inLanguage":"tr","@id":"https:\/\/lipsosotel.com\/index.php\/konaklama\/tepeboz-tas-ev\/#primaryimage","url":"https:\/\/lipsosotel.com\/wp-content\/uploads\/2025\/05\/20230830_142041-scaled.jpg","contentUrl":"https:\/\/lipsosotel.com\/wp-content\/uploads\/2025\/05\/20230830_142041-scaled.jpg","width":2560,"height":1920},{"@type":"BreadcrumbList","@id":"https:\/\/lipsosotel.com\/index.php\/konaklama\/tepeboz-tas-ev\/#breadcrumb","itemListElement":[{"@type":"ListItem","position":1,"name":"Anasayfa","item":"https:\/\/lipsosotel.com\/"},{"@type":"ListItem","position":2,"name":"Konaklama","item":"https:\/\/lipsosotel.com\/index.php\/konaklama\/"},{"@type":"ListItem","position":3,"name":"Tepeboz Ta\u015f Ev"}]},{"@type":"WebSite","@id":"https:\/\/lipsosotel.com\/#website","url":"https:\/\/lipsosotel.com\/","name":"","description":"Deniz k\u0131y\u0131s\u0131nda konaklama, Ege mutfa\u011f\u0131 &amp; Deniz \u00fcr\u00fcnleri restoran\u0131","potentialAction":[{"@type":"SearchAction","target":{"@type":"EntryPoint","urlTemplate":"https:\/\/lipsosotel.com\/?s={search_term_string}"},"query-input":{"@type":"PropertyValueSpecification","valueRequired":true,"valueName":"search_term_string"}}],"inLanguage":"tr"}]}},"_links":{"self":[{"href":"https:\/\/lipsosotel.com\/index.php\/wp-json\/wp\/v2\/pages\/3275","targetHints":{"allow":["GET"]}}],"collection":[{"href":"https:\/\/lipsosotel.com\/index.php\/wp-json\/wp\/v2\/pages"}],"about":[{"href":"https:\/\/lipsosotel.com\/index.php\/wp-json\/wp\/v2\/types\/page"}],"author":[{"embeddable":true,"href":"https:\/\/lipsosotel.com\/index.php\/wp-json\/wp\/v2\/users\/1"}],"replies":[{"embeddable":true,"href":"https:\/\/lipsosotel.com\/index.php\/wp-json\/wp\/v2\/comments?post=3275"}],"version-history":[{"count":16,"href":"https:\/\/lipsosotel.com\/index.php\/wp-json\/wp\/v2\/pages\/3275\/revisions"}],"predecessor-version":[{"id":4172,"href":"https:\/\/lipsosotel.com\/index.php\/wp-json\/wp\/v2\/pages\/3275\/revisions\/4172"}],"up":[{"embeddable":true,"href":"https:\/\/lipsosotel.com\/index.php\/wp-json\/wp\/v2\/pages\/3242"}],"wp:attachment":[{"href":"https:\/\/lipsosotel.com\/index.php\/wp-json\/wp\/v2\/media?parent=3275"}],"curies":[{"name":"wp","href":"https:\/\/api.w.org\/{rel}","templated":true}]}}