{"id":3284,"date":"2025-12-12T14:12:04","date_gmt":"2025-12-12T11:12:04","guid":{"rendered":"https:\/\/lipsosotel.com\/staging\/?page_id=3284"},"modified":"2025-12-12T14:12:04","modified_gmt":"2025-12-12T11:12:04","slug":"foto-galeri","status":"publish","type":"page","link":"https:\/\/lipsosotel.com\/index.php\/restaurant\/foto-galeri\/","title":{"rendered":"Foto Galeri"},"content":{"rendered":"","protected":false},"excerpt":{"rendered":"","protected":false},"author":1,"featured_media":0,"parent":3246,"menu_order":0,"comment_status":"closed","ping_status":"closed","template":"","meta":{"_acf_changed":false,"site-sidebar-layout":"default","site-content-layout":"","ast-site-content-layout":"default","site-content-style":"default","site-sidebar-style":"default","ast-global-header-display":"","ast-banner-title-visibility":"","ast-main-header-display":"","ast-hfb-above-header-display":"","ast-hfb-below-header-display":"","ast-hfb-mobile-header-display":"","site-post-title":"","ast-breadcrumbs-content":"","ast-featured-img":"","footer-sml-layout":"","theme-transparent-header-meta":"default","adv-header-id-meta":"","stick-header-meta":"","header-above-stick-meta":"","header-main-stick-meta":"","header-below-stick-meta":"","astra-migrate-meta-layouts":"set","ast-page-background-enabled":"default","ast-page-background-meta":{"desktop":{"background-color":"var(--ast-global-color-5)","background-image":"","background-repeat":"repeat","background-position":"center center","background-size":"auto","background-attachment":"scroll","background-type":"","background-media":"","overlay-type":"","overlay-color":"","overlay-opacity":"","overlay-gradient":""},"tablet":{"background-color":"","background-image":"","background-repeat":"repeat","background-position":"center center","background-size":"auto","background-attachment":"scroll","background-type":"","background-media":"","overlay-type":"","overlay-color":"","overlay-opacity":"","overlay-gradient":""},"mobile":{"background-color":"","background-image":"","background-repeat":"repeat","background-position":"center center","background-size":"auto","background-attachment":"scroll","background-type":"","background-media":"","overlay-type":"","overlay-color":"","overlay-opacity":"","overlay-gradient":""}},"ast-content-background-meta":{"desktop":{"background-color":"var(--ast-global-color-4)","background-image":"","background-repeat":"repeat","background-position":"center center","background-size":"auto","background-attachment":"scroll","background-type":"","background-media":"","overlay-type":"","overlay-color":"","overlay-opacity":"","overlay-gradient":""},"tablet":{"background-color":"var(--ast-global-color-4)","background-image":"","background-repeat":"repeat","background-position":"center center","background-size":"auto","background-attachment":"scroll","background-type":"","background-media":"","overlay-type":"","overlay-color":"","overlay-opacity":"","overlay-gradient":""},"mobile":{"background-color":"var(--ast-global-color-4)","background-image":"","background-repeat":"repeat","background-position":"center center","background-size":"auto","background-attachment":"scroll","background-type":"","background-media":"","overlay-type":"","overlay-color":"","overlay-opacity":"","overlay-gradient":""}},"footnotes":""},"class_list":["post-3284","page","type-page","status-publish","hentry"],"acf":[],"yoast_head":"<!-- This site is optimized with the Yoast SEO plugin v26.0 - https:\/\/yoast.com\/wordpress\/plugins\/seo\/ -->\n<title>Foto Galeri -<\/title>\n<meta name=\"robots\" content=\"index, follow, max-snippet:-1, max-image-preview:large, max-video-preview:-1\" \/>\n<link rel=\"canonical\" href=\"https:\/\/lipsosotel.com\/index.php\/restaurant\/foto-galeri\/\" \/>\n<meta property=\"og:locale\" content=\"tr_TR\" \/>\n<meta property=\"og:type\" content=\"article\" \/>\n<meta property=\"og:title\" content=\"Foto Galeri -\" \/>\n<meta property=\"og:url\" content=\"https:\/\/lipsosotel.com\/index.php\/restaurant\/foto-galeri\/\" \/>\n<meta name=\"twitter:card\" content=\"summary_large_image\" \/>\n<script type=\"application\/ld+json\" class=\"yoast-schema-graph\">{\"@context\":\"https:\/\/schema.org\",\"@graph\":[{\"@type\":\"WebPage\",\"@id\":\"https:\/\/lipsosotel.com\/index.php\/restaurant\/foto-galeri\/\",\"url\":\"https:\/\/lipsosotel.com\/index.php\/restaurant\/foto-galeri\/\",\"name\":\"Foto Galeri -\",\"isPartOf\":{\"@id\":\"https:\/\/lipsosotel.com\/#website\"},\"datePublished\":\"2025-12-12T11:12:04+00:00\",\"breadcrumb\":{\"@id\":\"https:\/\/lipsosotel.com\/index.php\/restaurant\/foto-galeri\/#breadcrumb\"},\"inLanguage\":\"tr\",\"potentialAction\":[{\"@type\":\"ReadAction\",\"target\":[\"https:\/\/lipsosotel.com\/index.php\/restaurant\/foto-galeri\/\"]}]},{\"@type\":\"BreadcrumbList\",\"@id\":\"https:\/\/lipsosotel.com\/index.php\/restaurant\/foto-galeri\/#breadcrumb\",\"itemListElement\":[{\"@type\":\"ListItem\",\"position\":1,\"name\":\"Anasayfa\",\"item\":\"https:\/\/lipsosotel.com\/\"},{\"@type\":\"ListItem\",\"position\":2,\"name\":\"Restaurant\",\"item\":\"https:\/\/lipsosotel.com\/index.php\/restaurant\/\"},{\"@type\":\"ListItem\",\"position\":3,\"name\":\"Foto Galeri\"}]},{\"@type\":\"WebSite\",\"@id\":\"https:\/\/lipsosotel.com\/#website\",\"url\":\"https:\/\/lipsosotel.com\/\",\"name\":\"\",\"description\":\"Deniz k\u0131y\u0131s\u0131nda konaklama, Ege mutfa\u011f\u0131 &amp; Deniz \u00fcr\u00fcnleri restoran\u0131\",\"potentialAction\":[{\"@type\":\"SearchAction\",\"target\":{\"@type\":\"EntryPoint\",\"urlTemplate\":\"https:\/\/lipsosotel.com\/?s={search_term_string}\"},\"query-input\":{\"@type\":\"PropertyValueSpecification\",\"valueRequired\":true,\"valueName\":\"search_term_string\"}}],\"inLanguage\":\"tr\"}]}<\/script>\n<!-- \/ Yoast SEO plugin. -->","yoast_head_json":{"title":"Foto Galeri -","robots":{"index":"index","follow":"follow","max-snippet":"max-snippet:-1","max-image-preview":"max-image-preview:large","max-video-preview":"max-video-preview:-1"},"canonical":"https:\/\/lipsosotel.com\/index.php\/restaurant\/foto-galeri\/","og_locale":"tr_TR","og_type":"article","og_title":"Foto Galeri -","og_url":"https:\/\/lipsosotel.com\/index.php\/restaurant\/foto-galeri\/","twitter_card":"summary_large_image","schema":{"@context":"https:\/\/schema.org","@graph":[{"@type":"WebPage","@id":"https:\/\/lipsosotel.com\/index.php\/restaurant\/foto-galeri\/","url":"https:\/\/lipsosotel.com\/index.php\/restaurant\/foto-galeri\/","name":"Foto Galeri -","isPartOf":{"@id":"https:\/\/lipsosotel.com\/#website"},"datePublished":"2025-12-12T11:12:04+00:00","breadcrumb":{"@id":"https:\/\/lipsosotel.com\/index.php\/restaurant\/foto-galeri\/#breadcrumb"},"inLanguage":"tr","potentialAction":[{"@type":"ReadAction","target":["https:\/\/lipsosotel.com\/index.php\/restaurant\/foto-galeri\/"]}]},{"@type":"BreadcrumbList","@id":"https:\/\/lipsosotel.com\/index.php\/restaurant\/foto-galeri\/#breadcrumb","itemListElement":[{"@type":"ListItem","position":1,"name":"Anasayfa","item":"https:\/\/lipsosotel.com\/"},{"@type":"ListItem","position":2,"name":"Restaurant","item":"https:\/\/lipsosotel.com\/index.php\/restaurant\/"},{"@type":"ListItem","position":3,"name":"Foto Galeri"}]},{"@type":"WebSite","@id":"https:\/\/lipsosotel.com\/#website","url":"https:\/\/lipsosotel.com\/","name":"","description":"Deniz k\u0131y\u0131s\u0131nda konaklama, Ege mutfa\u011f\u0131 &amp; Deniz \u00fcr\u00fcnleri restoran\u0131","potentialAction":[{"@type":"SearchAction","target":{"@type":"EntryPoint","urlTemplate":"https:\/\/lipsosotel.com\/?s={search_term_string}"},"query-input":{"@type":"PropertyValueSpecification","valueRequired":true,"valueName":"search_term_string"}}],"inLanguage":"tr"}]}},"_links":{"self":[{"href":"https:\/\/lipsosotel.com\/index.php\/wp-json\/wp\/v2\/pages\/3284","targetHints":{"allow":["GET"]}}],"collection":[{"href":"https:\/\/lipsosotel.com\/index.php\/wp-json\/wp\/v2\/pages"}],"about":[{"href":"https:\/\/lipsosotel.com\/index.php\/wp-json\/wp\/v2\/types\/page"}],"author":[{"embeddable":true,"href":"https:\/\/lipsosotel.com\/index.php\/wp-json\/wp\/v2\/users\/1"}],"replies":[{"embeddable":true,"href":"https:\/\/lipsosotel.com\/index.php\/wp-json\/wp\/v2\/comments?post=3284"}],"version-history":[{"count":1,"href":"https:\/\/lipsosotel.com\/index.php\/wp-json\/wp\/v2\/pages\/3284\/revisions"}],"predecessor-version":[{"id":3285,"href":"https:\/\/lipsosotel.com\/index.php\/wp-json\/wp\/v2\/pages\/3284\/revisions\/3285"}],"up":[{"embeddable":true,"href":"https:\/\/lipsosotel.com\/index.php\/wp-json\/wp\/v2\/pages\/3246"}],"wp:attachment":[{"href":"https:\/\/lipsosotel.com\/index.php\/wp-json\/wp\/v2\/media?parent=3284"}],"curies":[{"name":"wp","href":"https:\/\/api.w.org\/{rel}","templated":true}]}}