{"id":3641,"date":"2026-01-28T17:36:13","date_gmt":"2026-01-28T14:36:13","guid":{"rendered":"https:\/\/lipsosotel.com\/staging\/?page_id=3641"},"modified":"2026-03-11T12:53:21","modified_gmt":"2026-03-11T09:53:21","slug":"menu-salatalar","status":"publish","type":"page","link":"https:\/\/lipsosotel.com\/index.php\/restaurant\/menu-salatalar\/","title":{"rendered":"men\u00fc-salatalar"},"content":{"rendered":"\t\t<div data-elementor-type=\"wp-page\" data-elementor-id=\"3641\" class=\"elementor elementor-3641\" data-elementor-post-type=\"page\">\n\t\t\t\t<div class=\"elementor-element elementor-element-fc7feae e-flex e-con-boxed e-con e-parent\" data-id=\"fc7feae\" data-element_type=\"container\" data-e-type=\"container\">\n\t\t\t\t\t<div class=\"e-con-inner\">\n\t\t\t\t<div class=\"elementor-element elementor-element-c85401b elementor-widget elementor-widget-heading\" data-id=\"c85401b\" data-element_type=\"widget\" data-e-type=\"widget\" data-widget_type=\"heading.default\">\n\t\t\t\t\t<h2 class=\"elementor-heading-title elementor-size-default\">Salatalar<\/h2>\t\t\t\t<\/div>\n\t\t\t\t\t<\/div>\n\t\t\t\t<\/div>\n\t\t<div class=\"elementor-element elementor-element-15e764c e-flex e-con-boxed e-con e-parent\" data-id=\"15e764c\" data-element_type=\"container\" data-e-type=\"container\">\n\t\t\t\t\t<div class=\"e-con-inner\">\n\t\t\t\t<div class=\"elementor-element elementor-element-8bb6634 elementor-widget__width-initial elementor-widget elementor-widget-text-editor\" data-id=\"8bb6634\" data-element_type=\"widget\" data-e-type=\"widget\" data-widget_type=\"text-editor.default\">\n\t\t\t\t\t\t\t\t\t<p><b>Mevsim Salata<\/b><\/p>\t\t\t\t\t\t\t\t<\/div>\n\t\t\t\t<div class=\"elementor-element elementor-element-4acb3bd elementor-widget-mobile__width-initial elementor-widget elementor-widget-text-editor\" data-id=\"4acb3bd\" data-element_type=\"widget\" data-e-type=\"widget\" data-widget_type=\"text-editor.default\">\n\t\t\t\t\t\t\t\t\t<p><b>420 TL<\/b><\/p>\t\t\t\t\t\t\t\t<\/div>\n\t\t\t\t\t<\/div>\n\t\t\t\t<\/div>\n\t\t<div class=\"elementor-element elementor-element-79cd90d e-flex e-con-boxed e-con e-parent\" data-id=\"79cd90d\" data-element_type=\"container\" data-e-type=\"container\">\n\t\t\t\t\t<div class=\"e-con-inner\">\n\t\t\t\t<div class=\"elementor-element elementor-element-7b7bb10 elementor-widget__width-initial elementor-widget elementor-widget-text-editor\" data-id=\"7b7bb10\" data-element_type=\"widget\" data-e-type=\"widget\" data-widget_type=\"text-editor.default\">\n\t\t\t\t\t\t\t\t\t<p><b>Gavurda\u011f\u0131 Salatas\u0131<\/b><\/p>\t\t\t\t\t\t\t\t<\/div>\n\t\t\t\t<div class=\"elementor-element elementor-element-385a31a elementor-widget-mobile__width-initial elementor-widget elementor-widget-text-editor\" data-id=\"385a31a\" data-element_type=\"widget\" data-e-type=\"widget\" data-widget_type=\"text-editor.default\">\n\t\t\t\t\t\t\t\t\t<p><b>460 TL<\/b><\/p>\t\t\t\t\t\t\t\t<\/div>\n\t\t\t\t\t<\/div>\n\t\t\t\t<\/div>\n\t\t<div class=\"elementor-element elementor-element-e370523 e-flex e-con-boxed e-con e-parent\" data-id=\"e370523\" data-element_type=\"container\" data-e-type=\"container\">\n\t\t\t\t\t<div class=\"e-con-inner\">\n\t\t\t\t<div class=\"elementor-element elementor-element-fd55d21 elementor-widget__width-initial elementor-widget elementor-widget-text-editor\" data-id=\"fd55d21\" data-element_type=\"widget\" data-e-type=\"widget\" data-widget_type=\"text-editor.default\">\n\t\t\t\t\t\t\t\t\t<p><b>\u00c7oban Salata<\/b><\/p>\t\t\t\t\t\t\t\t<\/div>\n\t\t\t\t<div class=\"elementor-element elementor-element-cec2a29 elementor-widget-mobile__width-initial elementor-widget elementor-widget-text-editor\" data-id=\"cec2a29\" data-element_type=\"widget\" data-e-type=\"widget\" data-widget_type=\"text-editor.default\">\n\t\t\t\t\t\t\t\t\t<p><b>420 TL<\/b><\/p>\t\t\t\t\t\t\t\t<\/div>\n\t\t\t\t\t<\/div>\n\t\t\t\t<\/div>\n\t\t<div class=\"elementor-element elementor-element-ab411f3 e-flex e-con-boxed e-con e-parent\" data-id=\"ab411f3\" data-element_type=\"container\" data-e-type=\"container\">\n\t\t\t\t\t<div class=\"e-con-inner\">\n\t\t\t\t<div class=\"elementor-element elementor-element-e6e5ba2 elementor-widget__width-initial elementor-widget elementor-widget-text-editor\" data-id=\"e6e5ba2\" data-element_type=\"widget\" data-e-type=\"widget\" data-widget_type=\"text-editor.default\">\n\t\t\t\t\t\t\t\t\t<p><b>Ye\u015fil Salata<\/b><\/p>\t\t\t\t\t\t\t\t<\/div>\n\t\t\t\t<div class=\"elementor-element elementor-element-f1663d7 elementor-widget-mobile__width-initial elementor-widget elementor-widget-text-editor\" data-id=\"f1663d7\" data-element_type=\"widget\" data-e-type=\"widget\" data-widget_type=\"text-editor.default\">\n\t\t\t\t\t\t\t\t\t<p><b>420 TL<\/b><\/p>\t\t\t\t\t\t\t\t<\/div>\n\t\t\t\t\t<\/div>\n\t\t\t\t<\/div>\n\t\t<div class=\"elementor-element elementor-element-10617d0 e-flex e-con-boxed e-con e-parent\" data-id=\"10617d0\" data-element_type=\"container\" data-e-type=\"container\">\n\t\t\t\t\t<div class=\"e-con-inner\">\n\t\t\t\t<div class=\"elementor-element elementor-element-532f82f elementor-widget__width-initial elementor-widget elementor-widget-text-editor\" data-id=\"532f82f\" data-element_type=\"widget\" data-e-type=\"widget\" data-widget_type=\"text-editor.default\">\n\t\t\t\t\t\t\t\t\t<p><b>Peynirli Roka Salatas\u0131<\/b><\/p><p><em>Domates ve k\u0131rm\u0131z\u0131 so\u011fan ile.<\/em><\/p>\t\t\t\t\t\t\t\t<\/div>\n\t\t\t\t<div class=\"elementor-element elementor-element-3b1f021 elementor-widget-mobile__width-initial elementor-widget elementor-widget-text-editor\" data-id=\"3b1f021\" data-element_type=\"widget\" data-e-type=\"widget\" data-widget_type=\"text-editor.default\">\n\t\t\t\t\t\t\t\t\t<p><b>460 TL<\/b><\/p>\t\t\t\t\t\t\t\t<\/div>\n\t\t\t\t\t<\/div>\n\t\t\t\t<\/div>\n\t\t<div class=\"elementor-element elementor-element-7530efa e-flex e-con-boxed e-con e-parent\" data-id=\"7530efa\" data-element_type=\"container\" data-e-type=\"container\">\n\t\t\t\t\t<div class=\"e-con-inner\">\n\t\t\t\t<div class=\"elementor-element elementor-element-41e9f94 elementor-widget__width-initial elementor-widget elementor-widget-text-editor\" data-id=\"41e9f94\" data-element_type=\"widget\" data-e-type=\"widget\" data-widget_type=\"text-editor.default\">\n\t\t\t\t\t\t\t\t\t<p><b>Kuru Cac\u0131k<\/b><\/p>\t\t\t\t\t\t\t\t<\/div>\n\t\t\t\t<div class=\"elementor-element elementor-element-f895eca elementor-widget-mobile__width-initial elementor-widget elementor-widget-text-editor\" data-id=\"f895eca\" data-element_type=\"widget\" data-e-type=\"widget\" data-widget_type=\"text-editor.default\">\n\t\t\t\t\t\t\t\t\t<p><b>360 TL<\/b><\/p>\t\t\t\t\t\t\t\t<\/div>\n\t\t\t\t\t<\/div>\n\t\t\t\t<\/div>\n\t\t<div class=\"elementor-element elementor-element-f44a4dd e-flex e-con-boxed e-con e-parent\" data-id=\"f44a4dd\" data-element_type=\"container\" data-e-type=\"container\">\n\t\t\t\t\t<div class=\"e-con-inner\">\n\t\t\t\t<div class=\"elementor-element elementor-element-02d5036 elementor-widget__width-initial elementor-widget elementor-widget-text-editor\" data-id=\"02d5036\" data-element_type=\"widget\" data-e-type=\"widget\" data-widget_type=\"text-editor.default\">\n\t\t\t\t\t\t\t\t\t<p><b>S\u00f6\u011f\u00fc\u015f<\/b><\/p><p><em>Domates, salatal\u0131k, biber.<\/em><\/p>\t\t\t\t\t\t\t\t<\/div>\n\t\t\t\t<div class=\"elementor-element elementor-element-d3cdea8 elementor-widget-mobile__width-initial elementor-widget elementor-widget-text-editor\" data-id=\"d3cdea8\" data-element_type=\"widget\" data-e-type=\"widget\" data-widget_type=\"text-editor.default\">\n\t\t\t\t\t\t\t\t\t<p><b>380 TL<\/b><\/p>\t\t\t\t\t\t\t\t<\/div>\n\t\t\t\t\t<\/div>\n\t\t\t\t<\/div>\n\t\t<div class=\"elementor-element elementor-element-36fd748 e-flex e-con-boxed e-con e-parent\" data-id=\"36fd748\" data-element_type=\"container\" data-e-type=\"container\">\n\t\t\t\t\t<div class=\"e-con-inner\">\n\t\t\t\t<div class=\"elementor-element elementor-element-3fa15c9 elementor-mobile-align-center elementor-widget elementor-widget-button\" data-id=\"3fa15c9\" data-element_type=\"widget\" data-e-type=\"widget\" data-widget_type=\"button.default\">\n\t\t\t\t\t\t\t\t\t\t<a class=\"elementor-button elementor-button-link elementor-size-sm\" href=\"https:\/\/lipsosotel.com\/index.php\/lipsos-menu\/\">\n\t\t\t\t\t\t<span class=\"elementor-button-content-wrapper\">\n\t\t\t\t\t\t\t\t\t<span class=\"elementor-button-text\">Men\u00fc'ye D\u00f6n<\/span>\n\t\t\t\t\t<\/span>\n\t\t\t\t\t<\/a>\n\t\t\t\t\t\t\t\t<\/div>\n\t\t\t\t\t<\/div>\n\t\t\t\t<\/div>\n\t\t\t\t<\/div>\n\t\t","protected":false},"excerpt":{"rendered":"<p>Salatalar Mevsim Salata 420 TL Gavurda\u011f\u0131 Salatas\u0131 460 TL \u00c7oban Salata 420 TL Ye\u015fil Salata 420 TL Peynirli Roka Salatas\u0131 [&hellip;]<\/p>\n","protected":false},"author":1,"featured_media":0,"parent":3246,"menu_order":0,"comment_status":"closed","ping_status":"closed","template":"","meta":{"_acf_changed":false,"site-sidebar-layout":"no-sidebar","site-content-layout":"","ast-site-content-layout":"full-width-container","site-content-style":"default","site-sidebar-style":"default","ast-global-header-display":"","ast-banner-title-visibility":"","ast-main-header-display":"","ast-hfb-above-header-display":"","ast-hfb-below-header-display":"","ast-hfb-mobile-header-display":"","site-post-title":"","ast-breadcrumbs-content":"","ast-featured-img":"disabled","footer-sml-layout":"","theme-transparent-header-meta":"default","adv-header-id-meta":"","stick-header-meta":"","header-above-stick-meta":"","header-main-stick-meta":"","header-below-stick-meta":"","astra-migrate-meta-layouts":"set","ast-page-background-enabled":"default","ast-page-background-meta":{"desktop":{"background-color":"var(--ast-global-color-5)","background-image":"","background-repeat":"repeat","background-position":"center center","background-size":"auto","background-attachment":"scroll","background-type":"","background-media":"","overlay-type":"","overlay-color":"","overlay-opacity":"","overlay-gradient":""},"tablet":{"background-color":"","background-image":"","background-repeat":"repeat","background-position":"center center","background-size":"auto","background-attachment":"scroll","background-type":"","background-media":"","overlay-type":"","overlay-color":"","overlay-opacity":"","overlay-gradient":""},"mobile":{"background-color":"","background-image":"","background-repeat":"repeat","background-position":"center center","background-size":"auto","background-attachment":"scroll","background-type":"","background-media":"","overlay-type":"","overlay-color":"","overlay-opacity":"","overlay-gradient":""}},"ast-content-background-meta":{"desktop":{"background-color":"var(--ast-global-color-4)","background-image":"","background-repeat":"repeat","background-position":"center center","background-size":"auto","background-attachment":"scroll","background-type":"","background-media":"","overlay-type":"","overlay-color":"","overlay-opacity":"","overlay-gradient":""},"tablet":{"background-color":"var(--ast-global-color-4)","background-image":"","background-repeat":"repeat","background-position":"center center","background-size":"auto","background-attachment":"scroll","background-type":"","background-media":"","overlay-type":"","overlay-color":"","overlay-opacity":"","overlay-gradient":""},"mobile":{"background-color":"var(--ast-global-color-4)","background-image":"","background-repeat":"repeat","background-position":"center center","background-size":"auto","background-attachment":"scroll","background-type":"","background-media":"","overlay-type":"","overlay-color":"","overlay-opacity":"","overlay-gradient":""}},"footnotes":""},"class_list":["post-3641","page","type-page","status-publish","hentry"],"acf":[],"yoast_head":"<!-- This site is optimized with the Yoast SEO plugin v26.0 - https:\/\/yoast.com\/wordpress\/plugins\/seo\/ -->\n<title>men\u00fc-salatalar -<\/title>\n<meta name=\"robots\" content=\"index, follow, max-snippet:-1, max-image-preview:large, max-video-preview:-1\" \/>\n<link rel=\"canonical\" href=\"https:\/\/lipsosotel.com\/index.php\/restaurant\/menu-salatalar\/\" \/>\n<meta property=\"og:locale\" content=\"tr_TR\" \/>\n<meta property=\"og:type\" content=\"article\" \/>\n<meta property=\"og:title\" content=\"men\u00fc-salatalar -\" \/>\n<meta property=\"og:description\" content=\"Salatalar Mevsim Salata 420 TL Gavurda\u011f\u0131 Salatas\u0131 460 TL \u00c7oban Salata 420 TL Ye\u015fil Salata 420 TL Peynirli Roka Salatas\u0131 [&hellip;]\" \/>\n<meta property=\"og:url\" content=\"https:\/\/lipsosotel.com\/index.php\/restaurant\/menu-salatalar\/\" \/>\n<meta property=\"article:modified_time\" content=\"2026-03-11T09:53:21+00:00\" \/>\n<meta name=\"twitter:card\" content=\"summary_large_image\" \/>\n<meta name=\"twitter:label1\" content=\"Tahmini okuma s\u00fcresi\" \/>\n\t<meta name=\"twitter:data1\" content=\"1 dakika\" \/>\n<script type=\"application\/ld+json\" class=\"yoast-schema-graph\">{\"@context\":\"https:\/\/schema.org\",\"@graph\":[{\"@type\":\"WebPage\",\"@id\":\"https:\/\/lipsosotel.com\/index.php\/restaurant\/menu-salatalar\/\",\"url\":\"https:\/\/lipsosotel.com\/index.php\/restaurant\/menu-salatalar\/\",\"name\":\"men\u00fc-salatalar -\",\"isPartOf\":{\"@id\":\"https:\/\/lipsosotel.com\/#website\"},\"datePublished\":\"2026-01-28T14:36:13+00:00\",\"dateModified\":\"2026-03-11T09:53:21+00:00\",\"breadcrumb\":{\"@id\":\"https:\/\/lipsosotel.com\/index.php\/restaurant\/menu-salatalar\/#breadcrumb\"},\"inLanguage\":\"tr\",\"potentialAction\":[{\"@type\":\"ReadAction\",\"target\":[\"https:\/\/lipsosotel.com\/index.php\/restaurant\/menu-salatalar\/\"]}]},{\"@type\":\"BreadcrumbList\",\"@id\":\"https:\/\/lipsosotel.com\/index.php\/restaurant\/menu-salatalar\/#breadcrumb\",\"itemListElement\":[{\"@type\":\"ListItem\",\"position\":1,\"name\":\"Anasayfa\",\"item\":\"https:\/\/lipsosotel.com\/\"},{\"@type\":\"ListItem\",\"position\":2,\"name\":\"Restaurant\",\"item\":\"https:\/\/lipsosotel.com\/index.php\/restaurant\/\"},{\"@type\":\"ListItem\",\"position\":3,\"name\":\"men\u00fc-salatalar\"}]},{\"@type\":\"WebSite\",\"@id\":\"https:\/\/lipsosotel.com\/#website\",\"url\":\"https:\/\/lipsosotel.com\/\",\"name\":\"\",\"description\":\"Deniz k\u0131y\u0131s\u0131nda konaklama, Ege mutfa\u011f\u0131 &amp; Deniz \u00fcr\u00fcnleri restoran\u0131\",\"potentialAction\":[{\"@type\":\"SearchAction\",\"target\":{\"@type\":\"EntryPoint\",\"urlTemplate\":\"https:\/\/lipsosotel.com\/?s={search_term_string}\"},\"query-input\":{\"@type\":\"PropertyValueSpecification\",\"valueRequired\":true,\"valueName\":\"search_term_string\"}}],\"inLanguage\":\"tr\"}]}<\/script>\n<!-- \/ Yoast SEO plugin. -->","yoast_head_json":{"title":"men\u00fc-salatalar -","robots":{"index":"index","follow":"follow","max-snippet":"max-snippet:-1","max-image-preview":"max-image-preview:large","max-video-preview":"max-video-preview:-1"},"canonical":"https:\/\/lipsosotel.com\/index.php\/restaurant\/menu-salatalar\/","og_locale":"tr_TR","og_type":"article","og_title":"men\u00fc-salatalar -","og_description":"Salatalar Mevsim Salata 420 TL Gavurda\u011f\u0131 Salatas\u0131 460 TL \u00c7oban Salata 420 TL Ye\u015fil Salata 420 TL Peynirli Roka Salatas\u0131 [&hellip;]","og_url":"https:\/\/lipsosotel.com\/index.php\/restaurant\/menu-salatalar\/","article_modified_time":"2026-03-11T09:53:21+00:00","twitter_card":"summary_large_image","twitter_misc":{"Tahmini okuma s\u00fcresi":"1 dakika"},"schema":{"@context":"https:\/\/schema.org","@graph":[{"@type":"WebPage","@id":"https:\/\/lipsosotel.com\/index.php\/restaurant\/menu-salatalar\/","url":"https:\/\/lipsosotel.com\/index.php\/restaurant\/menu-salatalar\/","name":"men\u00fc-salatalar -","isPartOf":{"@id":"https:\/\/lipsosotel.com\/#website"},"datePublished":"2026-01-28T14:36:13+00:00","dateModified":"2026-03-11T09:53:21+00:00","breadcrumb":{"@id":"https:\/\/lipsosotel.com\/index.php\/restaurant\/menu-salatalar\/#breadcrumb"},"inLanguage":"tr","potentialAction":[{"@type":"ReadAction","target":["https:\/\/lipsosotel.com\/index.php\/restaurant\/menu-salatalar\/"]}]},{"@type":"BreadcrumbList","@id":"https:\/\/lipsosotel.com\/index.php\/restaurant\/menu-salatalar\/#breadcrumb","itemListElement":[{"@type":"ListItem","position":1,"name":"Anasayfa","item":"https:\/\/lipsosotel.com\/"},{"@type":"ListItem","position":2,"name":"Restaurant","item":"https:\/\/lipsosotel.com\/index.php\/restaurant\/"},{"@type":"ListItem","position":3,"name":"men\u00fc-salatalar"}]},{"@type":"WebSite","@id":"https:\/\/lipsosotel.com\/#website","url":"https:\/\/lipsosotel.com\/","name":"","description":"Deniz k\u0131y\u0131s\u0131nda konaklama, Ege mutfa\u011f\u0131 &amp; Deniz \u00fcr\u00fcnleri restoran\u0131","potentialAction":[{"@type":"SearchAction","target":{"@type":"EntryPoint","urlTemplate":"https:\/\/lipsosotel.com\/?s={search_term_string}"},"query-input":{"@type":"PropertyValueSpecification","valueRequired":true,"valueName":"search_term_string"}}],"inLanguage":"tr"}]}},"_links":{"self":[{"href":"https:\/\/lipsosotel.com\/index.php\/wp-json\/wp\/v2\/pages\/3641","targetHints":{"allow":["GET"]}}],"collection":[{"href":"https:\/\/lipsosotel.com\/index.php\/wp-json\/wp\/v2\/pages"}],"about":[{"href":"https:\/\/lipsosotel.com\/index.php\/wp-json\/wp\/v2\/types\/page"}],"author":[{"embeddable":true,"href":"https:\/\/lipsosotel.com\/index.php\/wp-json\/wp\/v2\/users\/1"}],"replies":[{"embeddable":true,"href":"https:\/\/lipsosotel.com\/index.php\/wp-json\/wp\/v2\/comments?post=3641"}],"version-history":[{"count":15,"href":"https:\/\/lipsosotel.com\/index.php\/wp-json\/wp\/v2\/pages\/3641\/revisions"}],"predecessor-version":[{"id":4283,"href":"https:\/\/lipsosotel.com\/index.php\/wp-json\/wp\/v2\/pages\/3641\/revisions\/4283"}],"up":[{"embeddable":true,"href":"https:\/\/lipsosotel.com\/index.php\/wp-json\/wp\/v2\/pages\/3246"}],"wp:attachment":[{"href":"https:\/\/lipsosotel.com\/index.php\/wp-json\/wp\/v2\/media?parent=3641"}],"curies":[{"name":"wp","href":"https:\/\/api.w.org\/{rel}","templated":true}]}}