{"id":3642,"date":"2026-01-28T17:41:23","date_gmt":"2026-01-28T14:41:23","guid":{"rendered":"https:\/\/lipsosotel.com\/staging\/?page_id=3642"},"modified":"2026-03-27T20:02:00","modified_gmt":"2026-03-27T17:02:00","slug":"menu-tatlilar","status":"publish","type":"page","link":"https:\/\/lipsosotel.com\/index.php\/restaurant\/menu-tatlilar\/","title":{"rendered":"men\u00fc-tatl\u0131lar"},"content":{"rendered":"\t\t<div data-elementor-type=\"wp-page\" data-elementor-id=\"3642\" class=\"elementor elementor-3642\" data-elementor-post-type=\"page\">\n\t\t\t\t<div class=\"elementor-element elementor-element-4ee4ba5 e-flex e-con-boxed e-con e-parent\" data-id=\"4ee4ba5\" data-element_type=\"container\" data-e-type=\"container\">\n\t\t\t\t\t<div class=\"e-con-inner\">\n\t\t\t\t<div class=\"elementor-element elementor-element-b2020a5 elementor-widget elementor-widget-heading\" data-id=\"b2020a5\" data-element_type=\"widget\" data-e-type=\"widget\" data-widget_type=\"heading.default\">\n\t\t\t\t\t<h2 class=\"elementor-heading-title elementor-size-default\">Tatl\u0131lar<\/h2>\t\t\t\t<\/div>\n\t\t\t\t\t<\/div>\n\t\t\t\t<\/div>\n\t\t<div class=\"elementor-element elementor-element-5a6ce4c e-flex e-con-boxed e-con e-parent\" data-id=\"5a6ce4c\" data-element_type=\"container\" data-e-type=\"container\">\n\t\t\t\t\t<div class=\"e-con-inner\">\n\t\t\t\t<div class=\"elementor-element elementor-element-333b3f0 elementor-widget__width-initial elementor-widget elementor-widget-text-editor\" data-id=\"333b3f0\" data-element_type=\"widget\" data-e-type=\"widget\" data-widget_type=\"text-editor.default\">\n\t\t\t\t\t\t\t\t\t<p><b>Sak\u0131zl\u0131 \u0130ncirli Tatl\u0131<\/b><\/p>\t\t\t\t\t\t\t\t<\/div>\n\t\t\t\t<div class=\"elementor-element elementor-element-9c20618 elementor-widget-mobile__width-initial elementor-widget elementor-widget-text-editor\" data-id=\"9c20618\" data-element_type=\"widget\" data-e-type=\"widget\" data-widget_type=\"text-editor.default\">\n\t\t\t\t\t\t\t\t\t<p><b>320 TL<\/b><\/p>\t\t\t\t\t\t\t\t<\/div>\n\t\t\t\t\t<\/div>\n\t\t\t\t<\/div>\n\t\t<div class=\"elementor-element elementor-element-118993f e-flex e-con-boxed e-con e-parent\" data-id=\"118993f\" data-element_type=\"container\" data-e-type=\"container\">\n\t\t\t\t\t<div class=\"e-con-inner\">\n\t\t\t\t<div class=\"elementor-element elementor-element-3e8b988 elementor-widget__width-initial elementor-widget elementor-widget-text-editor\" data-id=\"3e8b988\" data-element_type=\"widget\" data-e-type=\"widget\" data-widget_type=\"text-editor.default\">\n\t\t\t\t\t\t\t\t\t<p><b>Limonlu Lor Pastas\u0131<\/b><\/p>\t\t\t\t\t\t\t\t<\/div>\n\t\t\t\t<div class=\"elementor-element elementor-element-998e1b2 elementor-widget-mobile__width-initial elementor-widget elementor-widget-text-editor\" data-id=\"998e1b2\" data-element_type=\"widget\" data-e-type=\"widget\" data-widget_type=\"text-editor.default\">\n\t\t\t\t\t\t\t\t\t<p><b>320 TL<\/b><\/p>\t\t\t\t\t\t\t\t<\/div>\n\t\t\t\t\t<\/div>\n\t\t\t\t<\/div>\n\t\t<div class=\"elementor-element elementor-element-24db43d e-flex e-con-boxed e-con e-parent\" data-id=\"24db43d\" data-element_type=\"container\" data-e-type=\"container\">\n\t\t\t\t\t<div class=\"e-con-inner\">\n\t\t\t\t<div class=\"elementor-element elementor-element-3cd6a64 elementor-widget__width-initial elementor-widget elementor-widget-text-editor\" data-id=\"3cd6a64\" data-element_type=\"widget\" data-e-type=\"widget\" data-widget_type=\"text-editor.default\">\n\t\t\t\t\t\t\t\t\t<p><b>Mozaik Pasta<\/b><\/p>\t\t\t\t\t\t\t\t<\/div>\n\t\t\t\t<div class=\"elementor-element elementor-element-c81847e elementor-widget-mobile__width-initial elementor-widget elementor-widget-text-editor\" data-id=\"c81847e\" data-element_type=\"widget\" data-e-type=\"widget\" data-widget_type=\"text-editor.default\">\n\t\t\t\t\t\t\t\t\t<p><b>280 TL<\/b><\/p>\t\t\t\t\t\t\t\t<\/div>\n\t\t\t\t\t<\/div>\n\t\t\t\t<\/div>\n\t\t<div class=\"elementor-element elementor-element-ea7f3c9 e-flex e-con-boxed e-con e-parent\" data-id=\"ea7f3c9\" data-element_type=\"container\" data-e-type=\"container\">\n\t\t\t\t\t<div class=\"e-con-inner\">\n\t\t\t\t<div class=\"elementor-element elementor-element-ba4af45 elementor-widget__width-initial elementor-widget elementor-widget-text-editor\" data-id=\"ba4af45\" data-element_type=\"widget\" data-e-type=\"widget\" data-widget_type=\"text-editor.default\">\n\t\t\t\t\t\t\t\t\t<p><b>F\u0131r\u0131nda Tahin Helvas\u0131 (2 ki\u015filik)<\/b><\/p>\t\t\t\t\t\t\t\t<\/div>\n\t\t\t\t<div class=\"elementor-element elementor-element-6d58aac elementor-widget-mobile__width-initial elementor-widget elementor-widget-text-editor\" data-id=\"6d58aac\" data-element_type=\"widget\" data-e-type=\"widget\" data-widget_type=\"text-editor.default\">\n\t\t\t\t\t\t\t\t\t<p><b>460 TL<\/b><\/p>\t\t\t\t\t\t\t\t<\/div>\n\t\t\t\t\t<\/div>\n\t\t\t\t<\/div>\n\t\t<div class=\"elementor-element elementor-element-8eb157e e-flex e-con-boxed e-con e-parent\" data-id=\"8eb157e\" data-element_type=\"container\" data-e-type=\"container\">\n\t\t\t\t\t<div class=\"e-con-inner\">\n\t\t\t\t<div class=\"elementor-element elementor-element-8e873bd elementor-widget__width-initial elementor-widget elementor-widget-text-editor\" data-id=\"8e873bd\" data-element_type=\"widget\" data-e-type=\"widget\" data-widget_type=\"text-editor.default\">\n\t\t\t\t\t\t\t\t\t<p><b>Portakall\u0131 Revani<\/b><\/p>\t\t\t\t\t\t\t\t<\/div>\n\t\t\t\t<div class=\"elementor-element elementor-element-2dfb375 elementor-widget-mobile__width-initial elementor-widget elementor-widget-text-editor\" data-id=\"2dfb375\" data-element_type=\"widget\" data-e-type=\"widget\" data-widget_type=\"text-editor.default\">\n\t\t\t\t\t\t\t\t\t<p><b>320 TL<\/b><\/p>\t\t\t\t\t\t\t\t<\/div>\n\t\t\t\t\t<\/div>\n\t\t\t\t<\/div>\n\t\t<div class=\"elementor-element elementor-element-1a283cc elementor-hidden-desktop elementor-hidden-tablet elementor-hidden-mobile e-flex e-con-boxed e-con e-parent\" data-id=\"1a283cc\" data-element_type=\"container\" data-e-type=\"container\">\n\t\t\t\t\t<div class=\"e-con-inner\">\n\t\t\t\t<div class=\"elementor-element elementor-element-38e2a99 elementor-widget__width-initial elementor-widget elementor-widget-text-editor\" data-id=\"38e2a99\" data-element_type=\"widget\" data-e-type=\"widget\" data-widget_type=\"text-editor.default\">\n\t\t\t\t\t\t\t\t\t<p><b>Supangle<\/b><\/p>\t\t\t\t\t\t\t\t<\/div>\n\t\t\t\t<div class=\"elementor-element elementor-element-bdc0dbb elementor-widget-mobile__width-initial elementor-widget elementor-widget-text-editor\" data-id=\"bdc0dbb\" data-element_type=\"widget\" data-e-type=\"widget\" data-widget_type=\"text-editor.default\">\n\t\t\t\t\t\t\t\t\t<p><b>280 TL<\/b><\/p>\t\t\t\t\t\t\t\t<\/div>\n\t\t\t\t\t<\/div>\n\t\t\t\t<\/div>\n\t\t<div class=\"elementor-element elementor-element-ced6a63 elementor-hidden-desktop elementor-hidden-tablet elementor-hidden-mobile e-flex e-con-boxed e-con e-parent\" data-id=\"ced6a63\" data-element_type=\"container\" data-e-type=\"container\">\n\t\t\t\t\t<div class=\"e-con-inner\">\n\t\t\t\t<div class=\"elementor-element elementor-element-c65b0e1 elementor-widget__width-initial elementor-widget elementor-widget-text-editor\" data-id=\"c65b0e1\" data-element_type=\"widget\" data-e-type=\"widget\" data-widget_type=\"text-editor.default\">\n\t\t\t\t\t\t\t\t\t<p><b>Pavlova<\/b><\/p><p><em>Mevsim meyveleri ile.<\/em><\/p>\t\t\t\t\t\t\t\t<\/div>\n\t\t\t\t<div class=\"elementor-element elementor-element-d4c5682 elementor-widget-mobile__width-initial elementor-widget elementor-widget-text-editor\" data-id=\"d4c5682\" data-element_type=\"widget\" data-e-type=\"widget\" data-widget_type=\"text-editor.default\">\n\t\t\t\t\t\t\t\t\t<p><b>320 TL<\/b><\/p>\t\t\t\t\t\t\t\t<\/div>\n\t\t\t\t\t<\/div>\n\t\t\t\t<\/div>\n\t\t<div class=\"elementor-element elementor-element-85ff1e0 e-flex e-con-boxed e-con e-parent\" data-id=\"85ff1e0\" data-element_type=\"container\" data-e-type=\"container\">\n\t\t\t\t\t<div class=\"e-con-inner\">\n\t\t\t\t<div class=\"elementor-element elementor-element-f675e3e elementor-widget__width-initial elementor-widget elementor-widget-text-editor\" data-id=\"f675e3e\" data-element_type=\"widget\" data-e-type=\"widget\" data-widget_type=\"text-editor.default\">\n\t\t\t\t\t\t\t\t\t<p><b>\u00c7\u0131t\u0131r Kabak Tatl\u0131s\u0131<\/b><\/p>\t\t\t\t\t\t\t\t<\/div>\n\t\t\t\t<div class=\"elementor-element elementor-element-af1de59 elementor-widget-mobile__width-initial elementor-widget elementor-widget-text-editor\" data-id=\"af1de59\" data-element_type=\"widget\" data-e-type=\"widget\" data-widget_type=\"text-editor.default\">\n\t\t\t\t\t\t\t\t\t<p><b>320 TL<\/b><\/p>\t\t\t\t\t\t\t\t<\/div>\n\t\t\t\t\t<\/div>\n\t\t\t\t<\/div>\n\t\t<div class=\"elementor-element elementor-element-2569d76 e-flex e-con-boxed e-con e-parent\" data-id=\"2569d76\" data-element_type=\"container\" data-e-type=\"container\">\n\t\t\t\t\t<div class=\"e-con-inner\">\n\t\t\t\t<div class=\"elementor-element elementor-element-43782e0 elementor-widget__width-initial elementor-widget elementor-widget-text-editor\" data-id=\"43782e0\" data-element_type=\"widget\" data-e-type=\"widget\" data-widget_type=\"text-editor.default\">\n\t\t\t\t\t\t\t\t\t<p><b>Meyve Taba\u011f\u0131<\/b><\/p>\t\t\t\t\t\t\t\t<\/div>\n\t\t\t\t<div class=\"elementor-element elementor-element-653c149 elementor-widget-mobile__width-initial elementor-widget elementor-widget-text-editor\" data-id=\"653c149\" data-element_type=\"widget\" data-e-type=\"widget\" data-widget_type=\"text-editor.default\">\n\t\t\t\t\t\t\t\t\t<p><b>320 TL<\/b><\/p>\t\t\t\t\t\t\t\t<\/div>\n\t\t\t\t\t<\/div>\n\t\t\t\t<\/div>\n\t\t<div class=\"elementor-element elementor-element-e07a991 e-flex e-con-boxed e-con e-parent\" data-id=\"e07a991\" data-element_type=\"container\" data-e-type=\"container\">\n\t\t\t\t\t<div class=\"e-con-inner\">\n\t\t\t\t<div class=\"elementor-element elementor-element-4e14cc9 elementor-mobile-align-center elementor-widget elementor-widget-button\" data-id=\"4e14cc9\" data-element_type=\"widget\" data-e-type=\"widget\" data-widget_type=\"button.default\">\n\t\t\t\t\t\t\t\t\t\t<a class=\"elementor-button elementor-button-link elementor-size-sm\" href=\"https:\/\/lipsosotel.com\/index.php\/lipsos-menu\/\">\n\t\t\t\t\t\t<span class=\"elementor-button-content-wrapper\">\n\t\t\t\t\t\t\t\t\t<span class=\"elementor-button-text\">Men\u00fc'ye D\u00f6n<\/span>\n\t\t\t\t\t<\/span>\n\t\t\t\t\t<\/a>\n\t\t\t\t\t\t\t\t<\/div>\n\t\t\t\t\t<\/div>\n\t\t\t\t<\/div>\n\t\t\t\t<\/div>\n\t\t","protected":false},"excerpt":{"rendered":"<p>Tatl\u0131lar Sak\u0131zl\u0131 \u0130ncirli Tatl\u0131 320 TL Limonlu Lor Pastas\u0131 320 TL Mozaik Pasta 280 TL F\u0131r\u0131nda Tahin Helvas\u0131 (2 ki\u015filik) [&hellip;]<\/p>\n","protected":false},"author":1,"featured_media":0,"parent":3246,"menu_order":0,"comment_status":"closed","ping_status":"closed","template":"","meta":{"_acf_changed":false,"site-sidebar-layout":"no-sidebar","site-content-layout":"","ast-site-content-layout":"full-width-container","site-content-style":"default","site-sidebar-style":"default","ast-global-header-display":"","ast-banner-title-visibility":"","ast-main-header-display":"","ast-hfb-above-header-display":"","ast-hfb-below-header-display":"","ast-hfb-mobile-header-display":"","site-post-title":"","ast-breadcrumbs-content":"","ast-featured-img":"disabled","footer-sml-layout":"","theme-transparent-header-meta":"default","adv-header-id-meta":"","stick-header-meta":"","header-above-stick-meta":"","header-main-stick-meta":"","header-below-stick-meta":"","astra-migrate-meta-layouts":"set","ast-page-background-enabled":"default","ast-page-background-meta":{"desktop":{"background-color":"var(--ast-global-color-5)","background-image":"","background-repeat":"repeat","background-position":"center center","background-size":"auto","background-attachment":"scroll","background-type":"","background-media":"","overlay-type":"","overlay-color":"","overlay-opacity":"","overlay-gradient":""},"tablet":{"background-color":"","background-image":"","background-repeat":"repeat","background-position":"center center","background-size":"auto","background-attachment":"scroll","background-type":"","background-media":"","overlay-type":"","overlay-color":"","overlay-opacity":"","overlay-gradient":""},"mobile":{"background-color":"","background-image":"","background-repeat":"repeat","background-position":"center center","background-size":"auto","background-attachment":"scroll","background-type":"","background-media":"","overlay-type":"","overlay-color":"","overlay-opacity":"","overlay-gradient":""}},"ast-content-background-meta":{"desktop":{"background-color":"var(--ast-global-color-4)","background-image":"","background-repeat":"repeat","background-position":"center center","background-size":"auto","background-attachment":"scroll","background-type":"","background-media":"","overlay-type":"","overlay-color":"","overlay-opacity":"","overlay-gradient":""},"tablet":{"background-color":"var(--ast-global-color-4)","background-image":"","background-repeat":"repeat","background-position":"center center","background-size":"auto","background-attachment":"scroll","background-type":"","background-media":"","overlay-type":"","overlay-color":"","overlay-opacity":"","overlay-gradient":""},"mobile":{"background-color":"var(--ast-global-color-4)","background-image":"","background-repeat":"repeat","background-position":"center center","background-size":"auto","background-attachment":"scroll","background-type":"","background-media":"","overlay-type":"","overlay-color":"","overlay-opacity":"","overlay-gradient":""}},"footnotes":""},"class_list":["post-3642","page","type-page","status-publish","hentry"],"acf":[],"yoast_head":"<!-- This site is optimized with the Yoast SEO plugin v26.0 - https:\/\/yoast.com\/wordpress\/plugins\/seo\/ -->\n<title>men\u00fc-tatl\u0131lar -<\/title>\n<meta name=\"robots\" content=\"index, follow, max-snippet:-1, max-image-preview:large, max-video-preview:-1\" \/>\n<link rel=\"canonical\" href=\"https:\/\/lipsosotel.com\/index.php\/restaurant\/menu-tatlilar\/\" \/>\n<meta property=\"og:locale\" content=\"tr_TR\" \/>\n<meta property=\"og:type\" content=\"article\" \/>\n<meta property=\"og:title\" content=\"men\u00fc-tatl\u0131lar -\" \/>\n<meta property=\"og:description\" content=\"Tatl\u0131lar Sak\u0131zl\u0131 \u0130ncirli Tatl\u0131 320 TL Limonlu Lor Pastas\u0131 320 TL Mozaik Pasta 280 TL F\u0131r\u0131nda Tahin Helvas\u0131 (2 ki\u015filik) [&hellip;]\" \/>\n<meta property=\"og:url\" content=\"https:\/\/lipsosotel.com\/index.php\/restaurant\/menu-tatlilar\/\" \/>\n<meta property=\"article:modified_time\" content=\"2026-03-27T17:02:00+00:00\" \/>\n<meta name=\"twitter:card\" content=\"summary_large_image\" \/>\n<meta name=\"twitter:label1\" content=\"Tahmini okuma s\u00fcresi\" \/>\n\t<meta name=\"twitter:data1\" content=\"1 dakika\" \/>\n<script type=\"application\/ld+json\" class=\"yoast-schema-graph\">{\"@context\":\"https:\/\/schema.org\",\"@graph\":[{\"@type\":\"WebPage\",\"@id\":\"https:\/\/lipsosotel.com\/index.php\/restaurant\/menu-tatlilar\/\",\"url\":\"https:\/\/lipsosotel.com\/index.php\/restaurant\/menu-tatlilar\/\",\"name\":\"men\u00fc-tatl\u0131lar -\",\"isPartOf\":{\"@id\":\"https:\/\/lipsosotel.com\/#website\"},\"datePublished\":\"2026-01-28T14:41:23+00:00\",\"dateModified\":\"2026-03-27T17:02:00+00:00\",\"breadcrumb\":{\"@id\":\"https:\/\/lipsosotel.com\/index.php\/restaurant\/menu-tatlilar\/#breadcrumb\"},\"inLanguage\":\"tr\",\"potentialAction\":[{\"@type\":\"ReadAction\",\"target\":[\"https:\/\/lipsosotel.com\/index.php\/restaurant\/menu-tatlilar\/\"]}]},{\"@type\":\"BreadcrumbList\",\"@id\":\"https:\/\/lipsosotel.com\/index.php\/restaurant\/menu-tatlilar\/#breadcrumb\",\"itemListElement\":[{\"@type\":\"ListItem\",\"position\":1,\"name\":\"Anasayfa\",\"item\":\"https:\/\/lipsosotel.com\/\"},{\"@type\":\"ListItem\",\"position\":2,\"name\":\"Restaurant\",\"item\":\"https:\/\/lipsosotel.com\/index.php\/restaurant\/\"},{\"@type\":\"ListItem\",\"position\":3,\"name\":\"men\u00fc-tatl\u0131lar\"}]},{\"@type\":\"WebSite\",\"@id\":\"https:\/\/lipsosotel.com\/#website\",\"url\":\"https:\/\/lipsosotel.com\/\",\"name\":\"\",\"description\":\"Deniz k\u0131y\u0131s\u0131nda konaklama, Ege mutfa\u011f\u0131 &amp; Deniz \u00fcr\u00fcnleri restoran\u0131\",\"potentialAction\":[{\"@type\":\"SearchAction\",\"target\":{\"@type\":\"EntryPoint\",\"urlTemplate\":\"https:\/\/lipsosotel.com\/?s={search_term_string}\"},\"query-input\":{\"@type\":\"PropertyValueSpecification\",\"valueRequired\":true,\"valueName\":\"search_term_string\"}}],\"inLanguage\":\"tr\"}]}<\/script>\n<!-- \/ Yoast SEO plugin. -->","yoast_head_json":{"title":"men\u00fc-tatl\u0131lar -","robots":{"index":"index","follow":"follow","max-snippet":"max-snippet:-1","max-image-preview":"max-image-preview:large","max-video-preview":"max-video-preview:-1"},"canonical":"https:\/\/lipsosotel.com\/index.php\/restaurant\/menu-tatlilar\/","og_locale":"tr_TR","og_type":"article","og_title":"men\u00fc-tatl\u0131lar -","og_description":"Tatl\u0131lar Sak\u0131zl\u0131 \u0130ncirli Tatl\u0131 320 TL Limonlu Lor Pastas\u0131 320 TL Mozaik Pasta 280 TL F\u0131r\u0131nda Tahin Helvas\u0131 (2 ki\u015filik) [&hellip;]","og_url":"https:\/\/lipsosotel.com\/index.php\/restaurant\/menu-tatlilar\/","article_modified_time":"2026-03-27T17:02:00+00:00","twitter_card":"summary_large_image","twitter_misc":{"Tahmini okuma s\u00fcresi":"1 dakika"},"schema":{"@context":"https:\/\/schema.org","@graph":[{"@type":"WebPage","@id":"https:\/\/lipsosotel.com\/index.php\/restaurant\/menu-tatlilar\/","url":"https:\/\/lipsosotel.com\/index.php\/restaurant\/menu-tatlilar\/","name":"men\u00fc-tatl\u0131lar -","isPartOf":{"@id":"https:\/\/lipsosotel.com\/#website"},"datePublished":"2026-01-28T14:41:23+00:00","dateModified":"2026-03-27T17:02:00+00:00","breadcrumb":{"@id":"https:\/\/lipsosotel.com\/index.php\/restaurant\/menu-tatlilar\/#breadcrumb"},"inLanguage":"tr","potentialAction":[{"@type":"ReadAction","target":["https:\/\/lipsosotel.com\/index.php\/restaurant\/menu-tatlilar\/"]}]},{"@type":"BreadcrumbList","@id":"https:\/\/lipsosotel.com\/index.php\/restaurant\/menu-tatlilar\/#breadcrumb","itemListElement":[{"@type":"ListItem","position":1,"name":"Anasayfa","item":"https:\/\/lipsosotel.com\/"},{"@type":"ListItem","position":2,"name":"Restaurant","item":"https:\/\/lipsosotel.com\/index.php\/restaurant\/"},{"@type":"ListItem","position":3,"name":"men\u00fc-tatl\u0131lar"}]},{"@type":"WebSite","@id":"https:\/\/lipsosotel.com\/#website","url":"https:\/\/lipsosotel.com\/","name":"","description":"Deniz k\u0131y\u0131s\u0131nda konaklama, Ege mutfa\u011f\u0131 &amp; Deniz \u00fcr\u00fcnleri restoran\u0131","potentialAction":[{"@type":"SearchAction","target":{"@type":"EntryPoint","urlTemplate":"https:\/\/lipsosotel.com\/?s={search_term_string}"},"query-input":{"@type":"PropertyValueSpecification","valueRequired":true,"valueName":"search_term_string"}}],"inLanguage":"tr"}]}},"_links":{"self":[{"href":"https:\/\/lipsosotel.com\/index.php\/wp-json\/wp\/v2\/pages\/3642","targetHints":{"allow":["GET"]}}],"collection":[{"href":"https:\/\/lipsosotel.com\/index.php\/wp-json\/wp\/v2\/pages"}],"about":[{"href":"https:\/\/lipsosotel.com\/index.php\/wp-json\/wp\/v2\/types\/page"}],"author":[{"embeddable":true,"href":"https:\/\/lipsosotel.com\/index.php\/wp-json\/wp\/v2\/users\/1"}],"replies":[{"embeddable":true,"href":"https:\/\/lipsosotel.com\/index.php\/wp-json\/wp\/v2\/comments?post=3642"}],"version-history":[{"count":22,"href":"https:\/\/lipsosotel.com\/index.php\/wp-json\/wp\/v2\/pages\/3642\/revisions"}],"predecessor-version":[{"id":4413,"href":"https:\/\/lipsosotel.com\/index.php\/wp-json\/wp\/v2\/pages\/3642\/revisions\/4413"}],"up":[{"embeddable":true,"href":"https:\/\/lipsosotel.com\/index.php\/wp-json\/wp\/v2\/pages\/3246"}],"wp:attachment":[{"href":"https:\/\/lipsosotel.com\/index.php\/wp-json\/wp\/v2\/media?parent=3642"}],"curies":[{"name":"wp","href":"https:\/\/api.w.org\/{rel}","templated":true}]}}