{"id":3706,"date":"2026-01-29T10:38:37","date_gmt":"2026-01-29T07:38:37","guid":{"rendered":"https:\/\/lipsosotel.com\/staging\/?page_id=3706"},"modified":"2026-03-17T15:32:02","modified_gmt":"2026-03-17T12:32:02","slug":"konaklama-fiyatlari","status":"publish","type":"page","link":"https:\/\/lipsosotel.com\/index.php\/konaklama\/konaklama-fiyatlari\/","title":{"rendered":"Konaklama Fiyatlar\u0131"},"content":{"rendered":"\t\t<div data-elementor-type=\"wp-page\" data-elementor-id=\"3706\" class=\"elementor elementor-3706\" data-elementor-post-type=\"page\">\n\t\t\t\t<div class=\"elementor-element elementor-element-a9a7e0e e-flex e-con-boxed e-con e-parent\" data-id=\"a9a7e0e\" data-element_type=\"container\" data-e-type=\"container\">\n\t\t\t\t\t<div class=\"e-con-inner\">\n\t\t\t\t<div class=\"elementor-element elementor-element-954abcd elementor-widget elementor-widget-heading\" data-id=\"954abcd\" data-element_type=\"widget\" data-e-type=\"widget\" data-widget_type=\"heading.default\">\n\t\t\t\t\t<h2 class=\"elementor-heading-title elementor-size-default\">Konaklama Fiyatlar\u0131<\/h2>\t\t\t\t<\/div>\n\t\t\t\t\t<\/div>\n\t\t\t\t<\/div>\n\t\t<div class=\"elementor-element elementor-element-995b66d e-flex e-con-boxed e-con e-parent\" data-id=\"995b66d\" data-element_type=\"container\" data-e-type=\"container\">\n\t\t\t\t\t<div class=\"e-con-inner\">\n\t\t\t\t<div class=\"elementor-element elementor-element-9705bd3 elementor-widget elementor-widget-heading\" data-id=\"9705bd3\" data-element_type=\"widget\" data-e-type=\"widget\" data-widget_type=\"heading.default\">\n\t\t\t\t\t<h2 class=\"elementor-heading-title elementor-size-default\">2026 K\u0131\u015f Sezonu Fiyatlar\u0131<\/h2>\t\t\t\t<\/div>\n\t\t\t\t\t<\/div>\n\t\t\t\t<\/div>\n\t\t<div class=\"elementor-element elementor-element-8e2a158 e-flex e-con-boxed e-con e-parent\" data-id=\"8e2a158\" data-element_type=\"container\" data-e-type=\"container\">\n\t\t\t\t\t<div class=\"e-con-inner\">\n\t\t\t\t<div class=\"elementor-element elementor-element-9e10435 elementor-widget__width-initial elementor-widget elementor-widget-text-editor\" data-id=\"9e10435\" data-element_type=\"widget\" data-e-type=\"widget\" data-widget_type=\"text-editor.default\">\n\t\t\t\t\t\t\t\t\t<p><strong>Oda\/Ki\u015fi<\/strong><\/p><p>Bungalov<\/p><p>Karavan<\/p><p>Tara\u00e7a<\/p><p>Ada<\/p><p>Deniz<\/p><p>Har\u00e7a<\/p><p>K\u00f6yebakan<\/p><p>Nar<\/p><p>Da\u011fabakan<\/p><p>Biberiye<\/p>\t\t\t\t\t\t\t\t<\/div>\n\t\t\t\t<div class=\"elementor-element elementor-element-33c26ac elementor-widget__width-initial elementor-widget elementor-widget-text-editor\" data-id=\"33c26ac\" data-element_type=\"widget\" data-e-type=\"widget\" data-widget_type=\"text-editor.default\">\n\t\t\t\t\t\t\t\t\t<p><strong>1 ki\u015fi<\/strong><\/p><p>5000<\/p><p>4000<\/p><p>4000<\/p><p>4000<\/p><p>&#8211;<\/p><p>&#8211;<\/p><p>&#8211;<\/p><p>3500<\/p><p>3000<\/p><p>3000<\/p>\t\t\t\t\t\t\t\t<\/div>\n\t\t\t\t<div class=\"elementor-element elementor-element-739e686 elementor-widget__width-initial elementor-widget elementor-widget-text-editor\" data-id=\"739e686\" data-element_type=\"widget\" data-e-type=\"widget\" data-widget_type=\"text-editor.default\">\n\t\t\t\t\t\t\t\t\t<p><strong>2 ki\u015fi<\/strong><\/p><p>6000<\/p><p>5000<\/p><p>5000<\/p><p>5000<\/p><p>5000<\/p><p>5000<\/p><p>5000<\/p><p>4500<\/p><p>4000<\/p><p>4000<\/p>\t\t\t\t\t\t\t\t<\/div>\n\t\t\t\t<div class=\"elementor-element elementor-element-fe27a2c elementor-widget__width-initial elementor-widget elementor-widget-text-editor\" data-id=\"fe27a2c\" data-element_type=\"widget\" data-e-type=\"widget\" data-widget_type=\"text-editor.default\">\n\t\t\t\t\t\t\t\t\t<p><strong>3 ki\u015fi<\/strong><\/p><p>7500<\/p><p>6500<\/p><p>6500<\/p><p>&#8211;<\/p><p>6500<\/p><p>6500<\/p><p>6500<\/p><p>6000<\/p><p>&#8211;<\/p><p>5000<\/p>\t\t\t\t\t\t\t\t<\/div>\n\t\t\t\t<div class=\"elementor-element elementor-element-103528a elementor-widget__width-initial elementor-widget elementor-widget-text-editor\" data-id=\"103528a\" data-element_type=\"widget\" data-e-type=\"widget\" data-widget_type=\"text-editor.default\">\n\t\t\t\t\t\t\t\t\t<p><strong>4 ki\u015fi<\/strong><\/p><p>&#8211;<\/p><p>7500<\/p><p>&#8211;<\/p><p>&#8211;<\/p><p>7500<\/p><p>7500<\/p><p>7500<\/p><p>&#8211;<\/p><p>&#8211;<\/p><p>&#8211;<\/p>\t\t\t\t\t\t\t\t<\/div>\n\t\t\t\t\t<\/div>\n\t\t\t\t<\/div>\n\t\t<div class=\"elementor-element elementor-element-443ec35 e-flex e-con-boxed e-con e-parent\" data-id=\"443ec35\" data-element_type=\"container\" data-e-type=\"container\">\n\t\t\t\t\t<div class=\"e-con-inner\">\n\t\t\t\t<div class=\"elementor-element elementor-element-d619499 elementor-widget elementor-widget-text-editor\" data-id=\"d619499\" data-element_type=\"widget\" data-e-type=\"widget\" data-widget_type=\"text-editor.default\">\n\t\t\t\t\t\t\t\t\t<h6><strong>Fiyatlar\u0131m\u0131z 30 Nisan 2026 tarihine kadar ge\u00e7erlidir.<\/strong><\/h6><h3><a href=\"https:\/\/lipsosotel.com\/index.php\/konaklama-fiyatlari-yaz-ilkbahar\/\">2026 \u0130lkbahar ve Yaz fiyatlar\u0131 i\u00e7in t\u0131klay\u0131n\u0131z.<\/a><\/h3><p>Konaklama fiyatlar\u0131na KAHVALTI <strong>dahildir.<\/strong><\/p><p>Tesisimizin &#8220;s\u00fcrd\u00fcr\u00fclebilir hayvan dostu&#8221; kalabilmesi ad\u0131na evcil k\u00fc\u00e7\u00fck misafirlerimiz i\u00e7in gecelik 350 TL temizlik \u00fccreti almaktay\u0131z.<\/p><p>TES\u0130S\u0130M\u0130Z\u0130N H\u0130\u00c7B\u0130R ALANINA (plaj, oda, restaurant, bah\u00e7e vs) <strong>DI\u015eARIDAN Y\u0130YECEK VE \u0130\u00c7ECEK<\/strong> (alkoll\u00fc-alkols\u00fcz) <strong>KABUL EDEMEMEKTEY\u0130Z.<\/strong><\/p><p>Anlay\u0131\u015f\u0131n\u0131z i\u00e7in te\u015fekk\u00fcr ederiz.<\/p>\t\t\t\t\t\t\t\t<\/div>\n\t\t\t\t\t<\/div>\n\t\t\t\t<\/div>\n\t\t<div class=\"elementor-element elementor-element-8f778ee e-flex e-con-boxed e-con e-parent\" data-id=\"8f778ee\" data-element_type=\"container\" data-e-type=\"container\">\n\t\t\t\t\t<div class=\"e-con-inner\">\n\t\t\t\t<div class=\"elementor-element elementor-element-4ba77bf elementor-widget elementor-widget-text-editor\" data-id=\"4ba77bf\" data-element_type=\"widget\" data-e-type=\"widget\" data-widget_type=\"text-editor.default\">\n\t\t\t\t\t\t\t\t\t<p>Rezervasyonunuzu kesinle\u015ftirmek i\u00e7in konaklama bedelinin 1\/3&#8217;ini, rezervasyon g\u00fcn\u00fc ya da en ge\u00e7 2 g\u00fcn i\u00e7erisinde banka hesab\u0131na HAVALE\/EFT yoluyla g\u00f6nderebilirsiniz.<\/p>\n<p>Kalan konaklama bedelini ve yeme-i\u00e7me gibi ekstra \u00fccretleri otelden ayr\u0131l\u0131\u015f (check out) esnas\u0131nda nakit veya kredi kart\u0131 yoluyla \u00f6deyebilirsiniz.<\/p>\n<p>14 May\u0131s-15 Eyl\u00fcl tarihleri aras\u0131nda <strong>en az 2 gecelik rezervasyon<\/strong> alabilmekteyiz.<\/p>\n<p><strong>Keyifli tatiller dileriz.<\/strong><\/p>\n<p><strong>-Lipsos ailesi<\/strong><\/p>\t\t\t\t\t\t\t\t<\/div>\n\t\t\t\t\t<\/div>\n\t\t\t\t<\/div>\n\t\t\t\t<\/div>\n\t\t","protected":false},"excerpt":{"rendered":"<p>Konaklama Fiyatlar\u0131 2026 K\u0131\u015f Sezonu Fiyatlar\u0131 Oda\/Ki\u015fi Bungalov Karavan Tara\u00e7a Ada Deniz Har\u00e7a K\u00f6yebakan Nar Da\u011fabakan Biberiye 1 ki\u015fi 5000 [&hellip;]<\/p>\n","protected":false},"author":1,"featured_media":0,"parent":3242,"menu_order":0,"comment_status":"closed","ping_status":"closed","template":"","meta":{"_acf_changed":false,"site-sidebar-layout":"no-sidebar","site-content-layout":"","ast-site-content-layout":"full-width-container","site-content-style":"default","site-sidebar-style":"default","ast-global-header-display":"","ast-banner-title-visibility":"","ast-main-header-display":"","ast-hfb-above-header-display":"","ast-hfb-below-header-display":"","ast-hfb-mobile-header-display":"","site-post-title":"","ast-breadcrumbs-content":"","ast-featured-img":"disabled","footer-sml-layout":"","theme-transparent-header-meta":"default","adv-header-id-meta":"","stick-header-meta":"","header-above-stick-meta":"","header-main-stick-meta":"","header-below-stick-meta":"","astra-migrate-meta-layouts":"set","ast-page-background-enabled":"default","ast-page-background-meta":{"desktop":{"background-color":"var(--ast-global-color-5)","background-image":"","background-repeat":"repeat","background-position":"center center","background-size":"auto","background-attachment":"scroll","background-type":"","background-media":"","overlay-type":"","overlay-color":"","overlay-opacity":"","overlay-gradient":""},"tablet":{"background-color":"","background-image":"","background-repeat":"repeat","background-position":"center center","background-size":"auto","background-attachment":"scroll","background-type":"","background-media":"","overlay-type":"","overlay-color":"","overlay-opacity":"","overlay-gradient":""},"mobile":{"background-color":"","background-image":"","background-repeat":"repeat","background-position":"center center","background-size":"auto","background-attachment":"scroll","background-type":"","background-media":"","overlay-type":"","overlay-color":"","overlay-opacity":"","overlay-gradient":""}},"ast-content-background-meta":{"desktop":{"background-color":"var(--ast-global-color-4)","background-image":"","background-repeat":"repeat","background-position":"center center","background-size":"auto","background-attachment":"scroll","background-type":"","background-media":"","overlay-type":"","overlay-color":"","overlay-opacity":"","overlay-gradient":""},"tablet":{"background-color":"var(--ast-global-color-4)","background-image":"","background-repeat":"repeat","background-position":"center center","background-size":"auto","background-attachment":"scroll","background-type":"","background-media":"","overlay-type":"","overlay-color":"","overlay-opacity":"","overlay-gradient":""},"mobile":{"background-color":"var(--ast-global-color-4)","background-image":"","background-repeat":"repeat","background-position":"center center","background-size":"auto","background-attachment":"scroll","background-type":"","background-media":"","overlay-type":"","overlay-color":"","overlay-opacity":"","overlay-gradient":""}},"footnotes":""},"class_list":["post-3706","page","type-page","status-publish","hentry"],"acf":[],"yoast_head":"<!-- This site is optimized with the Yoast SEO plugin v26.0 - https:\/\/yoast.com\/wordpress\/plugins\/seo\/ -->\n<title>Konaklama Fiyatlar\u0131 -<\/title>\n<meta name=\"robots\" content=\"index, follow, max-snippet:-1, max-image-preview:large, max-video-preview:-1\" \/>\n<link rel=\"canonical\" href=\"https:\/\/lipsosotel.com\/index.php\/konaklama\/konaklama-fiyatlari\/\" \/>\n<meta property=\"og:locale\" content=\"tr_TR\" \/>\n<meta property=\"og:type\" content=\"article\" \/>\n<meta property=\"og:title\" content=\"Konaklama Fiyatlar\u0131 -\" \/>\n<meta property=\"og:description\" content=\"Konaklama Fiyatlar\u0131 2026 K\u0131\u015f Sezonu Fiyatlar\u0131 Oda\/Ki\u015fi Bungalov Karavan Tara\u00e7a Ada Deniz Har\u00e7a K\u00f6yebakan Nar Da\u011fabakan Biberiye 1 ki\u015fi 5000 [&hellip;]\" \/>\n<meta property=\"og:url\" content=\"https:\/\/lipsosotel.com\/index.php\/konaklama\/konaklama-fiyatlari\/\" \/>\n<meta property=\"article:modified_time\" content=\"2026-03-17T12:32:02+00:00\" \/>\n<meta name=\"twitter:card\" content=\"summary_large_image\" \/>\n<meta name=\"twitter:label1\" content=\"Tahmini okuma s\u00fcresi\" \/>\n\t<meta name=\"twitter:data1\" content=\"1 dakika\" \/>\n<script type=\"application\/ld+json\" class=\"yoast-schema-graph\">{\"@context\":\"https:\/\/schema.org\",\"@graph\":[{\"@type\":\"WebPage\",\"@id\":\"https:\/\/lipsosotel.com\/index.php\/konaklama\/konaklama-fiyatlari\/\",\"url\":\"https:\/\/lipsosotel.com\/index.php\/konaklama\/konaklama-fiyatlari\/\",\"name\":\"Konaklama Fiyatlar\u0131 -\",\"isPartOf\":{\"@id\":\"https:\/\/lipsosotel.com\/#website\"},\"datePublished\":\"2026-01-29T07:38:37+00:00\",\"dateModified\":\"2026-03-17T12:32:02+00:00\",\"breadcrumb\":{\"@id\":\"https:\/\/lipsosotel.com\/index.php\/konaklama\/konaklama-fiyatlari\/#breadcrumb\"},\"inLanguage\":\"tr\",\"potentialAction\":[{\"@type\":\"ReadAction\",\"target\":[\"https:\/\/lipsosotel.com\/index.php\/konaklama\/konaklama-fiyatlari\/\"]}]},{\"@type\":\"BreadcrumbList\",\"@id\":\"https:\/\/lipsosotel.com\/index.php\/konaklama\/konaklama-fiyatlari\/#breadcrumb\",\"itemListElement\":[{\"@type\":\"ListItem\",\"position\":1,\"name\":\"Anasayfa\",\"item\":\"https:\/\/lipsosotel.com\/\"},{\"@type\":\"ListItem\",\"position\":2,\"name\":\"Konaklama\",\"item\":\"https:\/\/lipsosotel.com\/index.php\/konaklama\/\"},{\"@type\":\"ListItem\",\"position\":3,\"name\":\"Konaklama Fiyatlar\u0131\"}]},{\"@type\":\"WebSite\",\"@id\":\"https:\/\/lipsosotel.com\/#website\",\"url\":\"https:\/\/lipsosotel.com\/\",\"name\":\"\",\"description\":\"Deniz k\u0131y\u0131s\u0131nda konaklama, Ege mutfa\u011f\u0131 &amp; Deniz \u00fcr\u00fcnleri restoran\u0131\",\"potentialAction\":[{\"@type\":\"SearchAction\",\"target\":{\"@type\":\"EntryPoint\",\"urlTemplate\":\"https:\/\/lipsosotel.com\/?s={search_term_string}\"},\"query-input\":{\"@type\":\"PropertyValueSpecification\",\"valueRequired\":true,\"valueName\":\"search_term_string\"}}],\"inLanguage\":\"tr\"}]}<\/script>\n<!-- \/ Yoast SEO plugin. -->","yoast_head_json":{"title":"Konaklama Fiyatlar\u0131 -","robots":{"index":"index","follow":"follow","max-snippet":"max-snippet:-1","max-image-preview":"max-image-preview:large","max-video-preview":"max-video-preview:-1"},"canonical":"https:\/\/lipsosotel.com\/index.php\/konaklama\/konaklama-fiyatlari\/","og_locale":"tr_TR","og_type":"article","og_title":"Konaklama Fiyatlar\u0131 -","og_description":"Konaklama Fiyatlar\u0131 2026 K\u0131\u015f Sezonu Fiyatlar\u0131 Oda\/Ki\u015fi Bungalov Karavan Tara\u00e7a Ada Deniz Har\u00e7a K\u00f6yebakan Nar Da\u011fabakan Biberiye 1 ki\u015fi 5000 [&hellip;]","og_url":"https:\/\/lipsosotel.com\/index.php\/konaklama\/konaklama-fiyatlari\/","article_modified_time":"2026-03-17T12:32:02+00:00","twitter_card":"summary_large_image","twitter_misc":{"Tahmini okuma s\u00fcresi":"1 dakika"},"schema":{"@context":"https:\/\/schema.org","@graph":[{"@type":"WebPage","@id":"https:\/\/lipsosotel.com\/index.php\/konaklama\/konaklama-fiyatlari\/","url":"https:\/\/lipsosotel.com\/index.php\/konaklama\/konaklama-fiyatlari\/","name":"Konaklama Fiyatlar\u0131 -","isPartOf":{"@id":"https:\/\/lipsosotel.com\/#website"},"datePublished":"2026-01-29T07:38:37+00:00","dateModified":"2026-03-17T12:32:02+00:00","breadcrumb":{"@id":"https:\/\/lipsosotel.com\/index.php\/konaklama\/konaklama-fiyatlari\/#breadcrumb"},"inLanguage":"tr","potentialAction":[{"@type":"ReadAction","target":["https:\/\/lipsosotel.com\/index.php\/konaklama\/konaklama-fiyatlari\/"]}]},{"@type":"BreadcrumbList","@id":"https:\/\/lipsosotel.com\/index.php\/konaklama\/konaklama-fiyatlari\/#breadcrumb","itemListElement":[{"@type":"ListItem","position":1,"name":"Anasayfa","item":"https:\/\/lipsosotel.com\/"},{"@type":"ListItem","position":2,"name":"Konaklama","item":"https:\/\/lipsosotel.com\/index.php\/konaklama\/"},{"@type":"ListItem","position":3,"name":"Konaklama Fiyatlar\u0131"}]},{"@type":"WebSite","@id":"https:\/\/lipsosotel.com\/#website","url":"https:\/\/lipsosotel.com\/","name":"","description":"Deniz k\u0131y\u0131s\u0131nda konaklama, Ege mutfa\u011f\u0131 &amp; Deniz \u00fcr\u00fcnleri restoran\u0131","potentialAction":[{"@type":"SearchAction","target":{"@type":"EntryPoint","urlTemplate":"https:\/\/lipsosotel.com\/?s={search_term_string}"},"query-input":{"@type":"PropertyValueSpecification","valueRequired":true,"valueName":"search_term_string"}}],"inLanguage":"tr"}]}},"_links":{"self":[{"href":"https:\/\/lipsosotel.com\/index.php\/wp-json\/wp\/v2\/pages\/3706","targetHints":{"allow":["GET"]}}],"collection":[{"href":"https:\/\/lipsosotel.com\/index.php\/wp-json\/wp\/v2\/pages"}],"about":[{"href":"https:\/\/lipsosotel.com\/index.php\/wp-json\/wp\/v2\/types\/page"}],"author":[{"embeddable":true,"href":"https:\/\/lipsosotel.com\/index.php\/wp-json\/wp\/v2\/users\/1"}],"replies":[{"embeddable":true,"href":"https:\/\/lipsosotel.com\/index.php\/wp-json\/wp\/v2\/comments?post=3706"}],"version-history":[{"count":34,"href":"https:\/\/lipsosotel.com\/index.php\/wp-json\/wp\/v2\/pages\/3706\/revisions"}],"predecessor-version":[{"id":4375,"href":"https:\/\/lipsosotel.com\/index.php\/wp-json\/wp\/v2\/pages\/3706\/revisions\/4375"}],"up":[{"embeddable":true,"href":"https:\/\/lipsosotel.com\/index.php\/wp-json\/wp\/v2\/pages\/3242"}],"wp:attachment":[{"href":"https:\/\/lipsosotel.com\/index.php\/wp-json\/wp\/v2\/media?parent=3706"}],"curies":[{"name":"wp","href":"https:\/\/api.w.org\/{rel}","templated":true}]}}